{"id":6489,"date":"2025-11-16T03:40:48","date_gmt":"2025-11-16T03:40:48","guid":{"rendered":"https:\/\/unruffled-ardinghelli.108-175-3-191.plesk.page\/product\/accelera-tire-stickers\/"},"modified":"2026-01-22T01:35:41","modified_gmt":"2026-01-22T01:35:41","slug":"accelera-tire-stickers","status":"publish","type":"product","link":"https:\/\/unruffled-ardinghelli.108-175-3-191.plesk.page\/fr\/produit\/accelera-tire-stickers\/","title":{"rendered":"Accelera Tire Stickers"},"content":{"rendered":"<h3 data-start=\"157\" data-end=\"238\"><strong data-start=\"161\" data-end=\"238\">Accelera Tire \u2013 Lettres personnalis\u00e9es pour pneus d\u00e9sormais disponibles !<\/strong><\/h3>\n<p data-start=\"240\" data-end=\"402\">Les <strong data-start=\"244\" data-end=\"293\">autocollants officiels Accelera Tire Stickers<\/strong> sont maintenant disponibles dans notre boutique. Choisissez entre des ensembles de <strong data-start=\"377\" data-end=\"401\">4 ou 8 d\u00e9calcomanies<\/strong>.<\/p>\n<p data-start=\"404\" data-end=\"654\">Merci d\u2019indiquer toute <strong data-start=\"427\" data-end=\"451\">demande particuli\u00e8re<\/strong> ou <strong data-start=\"455\" data-end=\"476\">commentaire utile<\/strong> \u00e0 la pr\u00e9paration de votre commande dans le champ <strong data-start=\"526\" data-end=\"535\">NOTES<\/strong> lors du passage de commande. Cela nous aidera \u00e0 garantir la conformit\u00e9 de votre <strong data-start=\"616\" data-end=\"645\">Tire Sticker personnalis\u00e9<\/strong>. Merci !<\/p>\n<h3 data-start=\"656\" data-end=\"681\"><strong data-start=\"660\" data-end=\"681\">Ce kit comprend :<\/strong><\/h3>\n<p data-start=\"682\" data-end=\"958\">\u2013 4 d\u00e9calcomanies pour le dessus<br data-start=\"714\" data-end=\"717\" \/>\u2013 4 d\u00e9calcomanies pour le dessous <em data-start=\"751\" data-end=\"789\">(si l\u2019ensemble de 8 est s\u00e9lectionn\u00e9)<\/em><br data-start=\"789\" data-end=\"792\" \/>\u2013 Guide d\u2019installation<br data-start=\"814\" data-end=\"817\" \/>\u2013 Adh\u00e9sif d\u2019application <strong data-start=\"841\" data-end=\"854\">fleXement<\/strong><br data-start=\"854\" data-end=\"857\" \/>\u2013 Gants de protection en caoutchouc<br data-start=\"892\" data-end=\"895\" \/>\u2013 Bouteille gratuite de nettoyant de retouche <strong data-start=\"941\" data-end=\"958\">Rubber Bright<\/strong><\/p>\n<p data-start=\"960\" data-end=\"1100\">Veuillez s\u00e9lectionner le <strong data-start=\"985\" data-end=\"1009\">type de Tire Sticker<\/strong>, la <strong data-start=\"1014\" data-end=\"1035\">taille de la roue<\/strong>, la <strong data-start=\"1040\" data-end=\"1063\">hauteur des lettres<\/strong> ainsi que la <strong data-start=\"1077\" data-end=\"1089\">quantit\u00e9<\/strong> souhait\u00e9e.<\/p>\n<h3 data-start=\"1102\" data-end=\"1132\"><strong data-start=\"1106\" data-end=\"1132\">GUIDES D\u2019APPLICATION :<\/strong><\/h3>\n<p data-start=\"1133\" data-end=\"1251\">\u2013 <strong data-start=\"1135\" data-end=\"1153\">Semi-permanent<\/strong> : Guide d\u2019application pelable et autocollant<br data-start=\"1198\" data-end=\"1201\" \/>\u2013 <strong data-start=\"1203\" data-end=\"1216\">Permanent<\/strong> : Guide d\u2019application permanente<\/p>\n<h3 data-start=\"1253\" data-end=\"1312\"><strong data-start=\"1257\" data-end=\"1310\">Directives g\u00e9n\u00e9rales de dimensionnement des pneus<\/strong><\/h3>\n<p data-start=\"1313\" data-end=\"1561\">Utilisez le tableau de dimensionnement g\u00e9n\u00e9rique ci-dessous pour vous guider dans votre choix. Identifiez le <strong data-start=\"1422\" data-end=\"1442\">rapport d\u2019aspect<\/strong> ou la <strong data-start=\"1449\" data-end=\"1458\">s\u00e9rie<\/strong> (g\u00e9n\u00e9ralement le chiffre central dans la dimension du pneu) et reportez-vous au tableau correspondant.<\/p>\n<p data-start=\"1563\" data-end=\"1739\"><strong data-start=\"1563\" data-end=\"1575\">Remarque<\/strong> : certains pneus peuvent pr\u00e9senter un rapport d\u2019aspect particulier ne figurant pas dans ces recommandations. En cas de doute, veuillez nous contacter par courriel.<\/p>\n<p data-start=\"1741\" data-end=\"1829\">Pour plus d\u2019informations sur ce produit, consultez le <strong data-start=\"1795\" data-end=\"1828\">Guide de s\u00e9lection du produit<\/strong>.<\/p>\n","protected":false},"excerpt":{"rendered":"<p>Accelera Tire \u2013 Lettres personnalis\u00e9es pour pneus d\u00e9sormais disponibles ! Les autocollants officiels Accelera Tire Stickers sont maintenant disponibles dans notre boutique. Choisissez entre des ensembles de 4 ou 8 d\u00e9calcomanies. Merci d\u2019indiquer toute demande particuli\u00e8re ou commentaire utile \u00e0 la pr\u00e9paration de votre commande dans le champ NOTES lors du passage de commande. Cela [&hellip;]<\/p>\n","protected":false},"featured_media":6491,"comment_status":"open","ping_status":"closed","template":"","meta":[],"product_brand":[23],"product_cat":[51,59],"product_tag":[],"class_list":{"0":"post-6489","1":"product","2":"type-product","3":"status-publish","4":"has-post-thumbnail","6":"product_brand-accelera","7":"product_cat-featured","8":"product_cat-tire-lettering","10":"first","11":"instock","12":"sale","13":"taxable","14":"shipping-taxable","15":"purchasable","16":"product-type-variable"},"_links":{"self":[{"href":"https:\/\/unruffled-ardinghelli.108-175-3-191.plesk.page\/fr\/wp-json\/wp\/v2\/product\/6489","targetHints":{"allow":["GET"]}}],"collection":[{"href":"https:\/\/unruffled-ardinghelli.108-175-3-191.plesk.page\/fr\/wp-json\/wp\/v2\/product"}],"about":[{"href":"https:\/\/unruffled-ardinghelli.108-175-3-191.plesk.page\/fr\/wp-json\/wp\/v2\/types\/product"}],"replies":[{"embeddable":true,"href":"https:\/\/unruffled-ardinghelli.108-175-3-191.plesk.page\/fr\/wp-json\/wp\/v2\/comments?post=6489"}],"wp:featuredmedia":[{"embeddable":true,"href":"https:\/\/unruffled-ardinghelli.108-175-3-191.plesk.page\/fr\/wp-json\/wp\/v2\/media\/6491"}],"wp:attachment":[{"href":"https:\/\/unruffled-ardinghelli.108-175-3-191.plesk.page\/fr\/wp-json\/wp\/v2\/media?parent=6489"}],"wp:term":[{"taxonomy":"product_brand","embeddable":true,"href":"https:\/\/unruffled-ardinghelli.108-175-3-191.plesk.page\/fr\/wp-json\/wp\/v2\/product_brand?post=6489"},{"taxonomy":"product_cat","embeddable":true,"href":"https:\/\/unruffled-ardinghelli.108-175-3-191.plesk.page\/fr\/wp-json\/wp\/v2\/product_cat?post=6489"},{"taxonomy":"product_tag","embeddable":true,"href":"https:\/\/unruffled-ardinghelli.108-175-3-191.plesk.page\/fr\/wp-json\/wp\/v2\/product_tag?post=6489"}],"curies":[{"name":"wp","href":"https:\/\/api.w.org\/{rel}","templated":true}]}}