{"id":6459,"date":"2025-11-16T03:40:43","date_gmt":"2025-11-16T03:40:43","guid":{"rendered":"https:\/\/unruffled-ardinghelli.108-175-3-191.plesk.page\/product\/maxxis\/"},"modified":"2026-01-22T01:32:10","modified_gmt":"2026-01-22T01:32:10","slug":"maxxis","status":"publish","type":"product","link":"https:\/\/unruffled-ardinghelli.108-175-3-191.plesk.page\/fr\/produit\/maxxis\/","title":{"rendered":"MAXXIS"},"content":{"rendered":"<p data-start=\"146\" data-end=\"302\">Les autocollants pour pneus <strong data-start=\"174\" data-end=\"198\">MAXXIS Tire Stickers<\/strong> sont disponibles en version <strong data-start=\"227\" data-end=\"254\">pelable et autocollante<\/strong> ou en <strong data-start=\"261\" data-end=\"301\">kit permanent en caoutchouc sur\u00e9lev\u00e9<\/strong>.<\/p>\n<p data-start=\"304\" data-end=\"422\">\u2013 <strong data-start=\"306\" data-end=\"324\">Semi-permanent<\/strong> : Guide d\u2019application pelable et autocollant<br data-start=\"369\" data-end=\"372\" \/>\u2013 <strong data-start=\"374\" data-end=\"387\">Permanent<\/strong> : Guide d\u2019application permanente<\/p>\n<h3 data-start=\"424\" data-end=\"479\">Directives g\u00e9n\u00e9rales de dimensionnement des pneus<\/h3>\n<p data-start=\"480\" data-end=\"718\">Utilisez le tableau de dimensionnement g\u00e9n\u00e9rique ci-dessous pour orienter votre choix. Identifiez le <strong data-start=\"581\" data-end=\"601\">rapport d\u2019aspect<\/strong> ou la <strong data-start=\"608\" data-end=\"617\">s\u00e9rie<\/strong> (g\u00e9n\u00e9ralement le chiffre central de la dimension du pneu) et reportez-vous au tableau correspondant.<\/p>\n<p data-start=\"720\" data-end=\"902\"><strong data-start=\"720\" data-end=\"732\">Remarque<\/strong> : certains pneus peuvent pr\u00e9senter un rapport d\u2019aspect sp\u00e9cifique ne figurant pas dans ces recommandations. En cas de doute, n\u2019h\u00e9sitez pas \u00e0 nous contacter par courriel.<\/p>\n<div class=\"TyagGW_tableContainer\">\n<div class=\"group TyagGW_tableWrapper flex flex-col-reverse w-fit\" tabindex=\"-1\">\n<table class=\"w-fit min-w-(--thread-content-width)\" style=\"height: 257px;\" width=\"580\" data-start=\"904\" data-end=\"1306\">\n<thead data-start=\"904\" data-end=\"964\">\n<tr data-start=\"904\" data-end=\"964\">\n<th data-start=\"904\" data-end=\"920\" data-col-size=\"sm\">S\u00e9rie du pneu<\/th>\n<th data-start=\"920\" data-end=\"964\" data-col-size=\"sm\">Hauteur maximale recommand\u00e9e des lettres<\/th>\n<\/tr>\n<\/thead>\n<tbody data-start=\"1026\" data-end=\"1306\">\n<tr data-start=\"1026\" data-end=\"1059\">\n<td data-start=\"1026\" data-end=\"1031\" data-col-size=\"sm\">20<\/td>\n<td data-start=\"1031\" data-end=\"1059\" data-col-size=\"sm\">0,5\u2033 \/ 1,27 cm \/ 12,7 mm<\/td>\n<\/tr>\n<tr data-start=\"1060\" data-end=\"1096\">\n<td data-start=\"1060\" data-end=\"1065\" data-col-size=\"sm\">25<\/td>\n<td data-col-size=\"sm\" data-start=\"1065\" data-end=\"1096\">0,75\u2033 \/ 1,905 cm \/ 19,05 mm<\/td>\n<\/tr>\n<tr data-start=\"1097\" data-end=\"1128\">\n<td data-start=\"1097\" data-end=\"1102\" data-col-size=\"sm\">30<\/td>\n<td data-col-size=\"sm\" data-start=\"1102\" data-end=\"1128\">1,0\u2033 \/ 2,54 cm \/ 25 mm<\/td>\n<\/tr>\n<tr data-start=\"1129\" data-end=\"1165\">\n<td data-start=\"1129\" data-end=\"1134\" data-col-size=\"sm\">35<\/td>\n<td data-col-size=\"sm\" data-start=\"1134\" data-end=\"1165\">1,25\u2033 \/ 3,175 cm \/ 31,75 mm<\/td>\n<\/tr>\n<tr data-start=\"1166\" data-end=\"1202\">\n<td data-start=\"1166\" data-end=\"1171\" data-col-size=\"sm\">40<\/td>\n<td data-col-size=\"sm\" data-start=\"1171\" data-end=\"1202\">1,25\u2033 \/ 3,175 cm \/ 31,75 mm<\/td>\n<\/tr>\n<tr data-start=\"1203\" data-end=\"1236\">\n<td data-start=\"1203\" data-end=\"1208\" data-col-size=\"sm\">45<\/td>\n<td data-start=\"1208\" data-end=\"1236\" data-col-size=\"sm\">1,5\u2033 \/ 3,81 cm \/ 38,1 mm<\/td>\n<\/tr>\n<tr data-start=\"1237\" data-end=\"1272\">\n<td data-start=\"1237\" data-end=\"1242\" data-col-size=\"sm\">50<\/td>\n<td data-col-size=\"sm\" data-start=\"1242\" data-end=\"1272\">1,75\u2033 \/ 4,44 cm \/ 44,45 mm<\/td>\n<\/tr>\n<tr data-start=\"1273\" data-end=\"1306\">\n<td data-start=\"1273\" data-end=\"1278\" data-col-size=\"sm\">55<\/td>\n<td data-col-size=\"sm\" data-start=\"1278\" data-end=\"1306\">2,0\u2033 \/ 5,08 cm \/ 50,8 mm<\/td>\n<\/tr>\n<\/tbody>\n<\/table>\n<\/div>\n<\/div>\n<p data-start=\"1308\" data-end=\"1391\"><strong data-start=\"1308\" data-end=\"1321\">Exemple :<\/strong><br data-start=\"1321\" data-end=\"1324\" \/>Dimension du pneu : <strong data-start=\"1344\" data-end=\"1358\">245\/45\/R17<\/strong><br data-start=\"1358\" data-end=\"1361\" \/>Hauteur recommand\u00e9e : <strong data-start=\"1383\" data-end=\"1391\">1,5\u2033<\/strong><\/p>\n","protected":false},"excerpt":{"rendered":"<p>Les autocollants pour pneus MAXXIS Tire Stickers sont disponibles en version pelable et autocollante ou en kit permanent en caoutchouc sur\u00e9lev\u00e9. \u2013 Semi-permanent : Guide d\u2019application pelable et autocollant\u2013 Permanent : Guide d\u2019application permanente Directives g\u00e9n\u00e9rales de dimensionnement des pneus Utilisez le tableau de dimensionnement g\u00e9n\u00e9rique ci-dessous pour orienter votre choix. Identifiez le rapport d\u2019aspect [&hellip;]<\/p>\n","protected":false},"featured_media":6418,"comment_status":"open","ping_status":"closed","template":"","meta":[],"product_brand":[35],"product_cat":[51,59],"product_tag":[],"class_list":{"0":"post-6459","1":"product","2":"type-product","3":"status-publish","4":"has-post-thumbnail","6":"product_brand-maxxis","7":"product_cat-featured","8":"product_cat-tire-lettering","10":"first","11":"instock","12":"sale","13":"taxable","14":"shipping-taxable","15":"purchasable","16":"product-type-variable"},"_links":{"self":[{"href":"https:\/\/unruffled-ardinghelli.108-175-3-191.plesk.page\/fr\/wp-json\/wp\/v2\/product\/6459","targetHints":{"allow":["GET"]}}],"collection":[{"href":"https:\/\/unruffled-ardinghelli.108-175-3-191.plesk.page\/fr\/wp-json\/wp\/v2\/product"}],"about":[{"href":"https:\/\/unruffled-ardinghelli.108-175-3-191.plesk.page\/fr\/wp-json\/wp\/v2\/types\/product"}],"replies":[{"embeddable":true,"href":"https:\/\/unruffled-ardinghelli.108-175-3-191.plesk.page\/fr\/wp-json\/wp\/v2\/comments?post=6459"}],"wp:featuredmedia":[{"embeddable":true,"href":"https:\/\/unruffled-ardinghelli.108-175-3-191.plesk.page\/fr\/wp-json\/wp\/v2\/media\/6418"}],"wp:attachment":[{"href":"https:\/\/unruffled-ardinghelli.108-175-3-191.plesk.page\/fr\/wp-json\/wp\/v2\/media?parent=6459"}],"wp:term":[{"taxonomy":"product_brand","embeddable":true,"href":"https:\/\/unruffled-ardinghelli.108-175-3-191.plesk.page\/fr\/wp-json\/wp\/v2\/product_brand?post=6459"},{"taxonomy":"product_cat","embeddable":true,"href":"https:\/\/unruffled-ardinghelli.108-175-3-191.plesk.page\/fr\/wp-json\/wp\/v2\/product_cat?post=6459"},{"taxonomy":"product_tag","embeddable":true,"href":"https:\/\/unruffled-ardinghelli.108-175-3-191.plesk.page\/fr\/wp-json\/wp\/v2\/product_tag?post=6459"}],"curies":[{"name":"wp","href":"https:\/\/api.w.org\/{rel}","templated":true}]}}