{"id":5601,"date":"2025-12-02T05:00:50","date_gmt":"2025-12-02T05:00:50","guid":{"rendered":"https:\/\/unruffled-ardinghelli.108-175-3-191.plesk.page\/product\/g2-brake-caliper-paint-system-set\/"},"modified":"2025-12-17T12:12:49","modified_gmt":"2025-12-17T12:12:49","slug":"the-g2","status":"publish","type":"product","link":"https:\/\/unruffled-ardinghelli.108-175-3-191.plesk.page\/fr\/produit\/the-g2\/","title":{"rendered":"Ensemble de syst\u00e8me de peinture \u00e0 \u00e9trier de frein G2"},"content":{"rendered":"<p>Facile \u00e0 appliquer au pinceau, la peinture ajoute une touche de style \u00e0 tout \u00e9trier de frein. Non seulement le syst\u00e8me G2 est attrayant, mais il offre une excellente protection chimique et physique \u00e0 l\u2019\u00e9trier. Les liquides de frein, la poussi\u00e8re, le sel de voirie, la salet\u00e9 et m\u00eame le gravier ne peuvent pas nuire \u00e0 la finition ultra-dure et ultra-brillante du syst\u00e8me de peinture d\u2019\u00e9trier BRAKE de G2. Le syst\u00e8me G2 BRAKE Caliper Paint System \u2122 pr\u00e9sente de nombreux avantages par rapport \u00e0 la peinture en a\u00e9rosol, car il ne s\u2019\u00e9caille pas et s\u00e8che beaucoup plus que tout autre produit. Notre kit de peinture est si attrayant et fiable que G2 offre une garantie de performance du produit de 100%.<\/p>\n<p>Chaque kit est fabriqu\u00e9 \u00e0 100% aux USA!<\/p>\n<p>Inclus dans le kit est un nettoyeur d\u2019\u00e9trier haute performance, peinture et durcisseur, une bo\u00eete de m\u00e9lange, b\u00e2tonnet, pinceau d\u2019application, instructions d\u2019installation et un autocollant de couleur.<\/p>\n<p>L\u2019ensemble de syst\u00e8me de peinture \u00e0 \u00e9trier de frein haute temp\u00e9rature G2 contient environ 3 1\/2 oz liquide. de peinture et environ 1\/2 once liquide. du r\u00e9acteur, donnant 4 oz liquide. total lorsque m\u00e9lang\u00e9, qui couvrira quatre (4) \u00e9triers de frein standard ou deux (2) tambours de frein. Toutefois, si vous avez des \u00e9triers surdimensionn\u00e9s \u00e0 l\u2019avant de votre v\u00e9hicule et \/ ou si vous envisagez de peindre vos supports, chapeaux de rotor, etc., vous aurez probablement besoin de deux kits.<\/p>\n","protected":false},"excerpt":{"rendered":"<p>Cet ensemble de peinture \u00e0 \u00e9trier BRAKE haut de gamme de G2 est le kit le plus complet et le plus facile \u00e0 utiliser. Le kit comprend tout ce dont vous avez besoin pour peindre 4 \u00e9triers de frein de taille standard ou 2 tambours. G2 a sp\u00e9cialement engag\u00e9 des ing\u00e9nieurs chimistes pour la recherche et le d\u00e9veloppement de notre syst\u00e8me de peinture en deux parties qui offre la plus grande r\u00e9sistance \u00e0 la chaleur sur le march\u00e9 de la bricolage (jusqu\u2019\u00e0 980 degr\u00e9s).<\/p>\n","protected":false},"featured_media":5559,"comment_status":"open","ping_status":"closed","template":"","meta":[],"product_brand":[],"product_cat":[50,51],"product_tag":[],"class_list":{"0":"post-5601","1":"product","2":"type-product","3":"status-publish","4":"has-post-thumbnail","6":"product_cat-accessories","7":"product_cat-featured","9":"first","10":"instock","11":"taxable","12":"shipping-taxable","13":"purchasable","14":"product-type-variable"},"_links":{"self":[{"href":"https:\/\/unruffled-ardinghelli.108-175-3-191.plesk.page\/fr\/wp-json\/wp\/v2\/product\/5601","targetHints":{"allow":["GET"]}}],"collection":[{"href":"https:\/\/unruffled-ardinghelli.108-175-3-191.plesk.page\/fr\/wp-json\/wp\/v2\/product"}],"about":[{"href":"https:\/\/unruffled-ardinghelli.108-175-3-191.plesk.page\/fr\/wp-json\/wp\/v2\/types\/product"}],"replies":[{"embeddable":true,"href":"https:\/\/unruffled-ardinghelli.108-175-3-191.plesk.page\/fr\/wp-json\/wp\/v2\/comments?post=5601"}],"wp:featuredmedia":[{"embeddable":true,"href":"https:\/\/unruffled-ardinghelli.108-175-3-191.plesk.page\/fr\/wp-json\/wp\/v2\/media\/5559"}],"wp:attachment":[{"href":"https:\/\/unruffled-ardinghelli.108-175-3-191.plesk.page\/fr\/wp-json\/wp\/v2\/media?parent=5601"}],"wp:term":[{"taxonomy":"product_brand","embeddable":true,"href":"https:\/\/unruffled-ardinghelli.108-175-3-191.plesk.page\/fr\/wp-json\/wp\/v2\/product_brand?post=5601"},{"taxonomy":"product_cat","embeddable":true,"href":"https:\/\/unruffled-ardinghelli.108-175-3-191.plesk.page\/fr\/wp-json\/wp\/v2\/product_cat?post=5601"},{"taxonomy":"product_tag","embeddable":true,"href":"https:\/\/unruffled-ardinghelli.108-175-3-191.plesk.page\/fr\/wp-json\/wp\/v2\/product_tag?post=5601"}],"curies":[{"name":"wp","href":"https:\/\/api.w.org\/{rel}","templated":true}]}}