{"id":15471,"date":"2026-04-05T09:07:53","date_gmt":"2026-04-05T09:07:53","guid":{"rendered":"https:\/\/unruffled-ardinghelli.108-175-3-191.plesk.page\/product\/flares-only-frost-edition\/"},"modified":"2026-04-05T10:04:26","modified_gmt":"2026-04-05T10:04:26","slug":"elargisseurs-seulement-edition-frost","status":"publish","type":"product","link":"https:\/\/unruffled-ardinghelli.108-175-3-191.plesk.page\/fr\/produit\/elargisseurs-seulement-edition-frost\/","title":{"rendered":"\u00c9largisseurs Seulement &#8211; \u00c9dition Frost"},"content":{"rendered":"<p data-start=\"55\" data-end=\"167\"><strong data-start=\"100\" data-end=\"165\">Graphiques pour Pneus \u00c9dition Frost \u2013 Maintenant Disponible !<\/strong><\/p>\n<p data-start=\"169\" data-end=\"382\">Apportez un look personnalis\u00e9 \u00e0 votre v\u00e9hicule avec ces graphiques pour pneus inspir\u00e9s de l\u2019\u00c9dition Frost. Chaque kit de graphiques pour pneus \u00c9dition Frost comprend 8 bandes directionnelles (2 bandes par pneu).<\/p>\n<div id=\"_ytid_67480\" class=\"__youtube_prefs__ epyt-facade no-lazyload\" data-origwidth=\"480\" data-origheight=\"270\" data-facadesrc=\"https:\/\/www.youtube.com\/embed\/05iF3zYqxOQ?enablejsapi=1&amp;autoplay=0&amp;cc_load_policy=0&amp;cc_lang_pref=&amp;iv_load_policy=1&amp;loop=0&amp;modestbranding=0&amp;rel=1&amp;fs=1&amp;playsinline=0&amp;autohide=2&amp;theme=dark&amp;color=red&amp;controls=1&amp;\" data-epautoplay=\"1\"><img loading=\"lazy\" decoding=\"async\" class=\"epyt-facade-poster skip-lazy\" src=\"https:\/\/i.ytimg.com\/vi\/05iF3zYqxOQ\/maxresdefault.jpg\" alt=\"YouTube player\" width=\"540\" height=\"304\" data-spai-excluded=\"true\" \/><\/div>\n<div data-origwidth=\"480\" data-origheight=\"270\" data-facadesrc=\"https:\/\/www.youtube.com\/embed\/05iF3zYqxOQ?enablejsapi=1&amp;autoplay=0&amp;cc_load_policy=0&amp;cc_lang_pref=&amp;iv_load_policy=1&amp;loop=0&amp;modestbranding=0&amp;rel=1&amp;fs=1&amp;playsinline=0&amp;autohide=2&amp;theme=dark&amp;color=red&amp;controls=1&amp;\" data-epautoplay=\"1\"><\/div>\n<p data-start=\"384\" data-end=\"407\"><strong data-start=\"384\" data-end=\"405\">Ce kit comprend :<\/strong><\/p>\n<ul data-start=\"408\" data-end=\"502\">\n<li data-section-id=\"10cng9c\" data-start=\"408\" data-end=\"455\">8 \u00c9largisseurs d\u2019Avertissement (2 par pneu)<\/li>\n<li data-section-id=\"1i8vs78\" data-start=\"456\" data-end=\"480\">Guide d\u2019instructions<\/li>\n<li data-section-id=\"1fuc568\" data-start=\"481\" data-end=\"502\">Adh\u00e9sif fleXement<\/li>\n<\/ul>\n<p data-start=\"504\" data-end=\"647\">Veuillez s\u00e9lectionner le type d\u2019autocollant pour pneu que vous souhaitez acheter, la taille des roues, la hauteur des lettres et la quantit\u00e9.<\/p>\n<p data-start=\"649\" data-end=\"677\"><strong data-start=\"649\" data-end=\"675\">GUIDES D\u2019APPLICATION :<\/strong><\/p>\n<ul data-start=\"678\" data-end=\"778\">\n<li data-section-id=\"1ymvec6\" data-start=\"678\" data-end=\"731\">Semi-permanent : Guide d\u2019application Peel &amp; Stick<\/li>\n<li data-section-id=\"1uvr90q\" data-start=\"732\" data-end=\"778\">Permanent : Guide d\u2019application permanente<\/li>\n<\/ul>\n<p data-start=\"780\" data-end=\"875\">Pour des designs personnalis\u00e9s, veuillez revenir \u00e0\u00a0<strong data-start=\"831\" data-end=\"849\">Cr\u00e9ez le v\u00f4tre<\/strong>, ou\u00a0<strong data-start=\"854\" data-end=\"872\">Contactez-nous<\/strong>.<\/p>\n","protected":false},"excerpt":{"rendered":"<p>Graphiques pour Pneus \u00c9dition Frost \u2013 Maintenant Disponible ! Apportez un look personnalis\u00e9 \u00e0 votre v\u00e9hicule avec ces graphiques pour pneus inspir\u00e9s de l\u2019\u00c9dition Frost. Chaque kit de graphiques pour pneus \u00c9dition Frost comprend 8 bandes directionnelles (2 bandes par pneu). Ce kit comprend : 8 \u00c9largisseurs d\u2019Avertissement (2 par pneu) Guide d\u2019instructions Adh\u00e9sif fleXement [&hellip;]<\/p>\n","protected":false},"featured_media":15135,"comment_status":"closed","ping_status":"closed","template":"","meta":[],"product_brand":[],"product_cat":[63],"product_tag":[],"class_list":{"0":"post-15471","1":"product","2":"type-product","3":"status-publish","4":"has-post-thumbnail","6":"product_cat-whitewalls-stripes-adds-on","8":"first","9":"instock","10":"taxable","11":"shipping-taxable","12":"purchasable","13":"product-type-variable"},"_links":{"self":[{"href":"https:\/\/unruffled-ardinghelli.108-175-3-191.plesk.page\/fr\/wp-json\/wp\/v2\/product\/15471","targetHints":{"allow":["GET"]}}],"collection":[{"href":"https:\/\/unruffled-ardinghelli.108-175-3-191.plesk.page\/fr\/wp-json\/wp\/v2\/product"}],"about":[{"href":"https:\/\/unruffled-ardinghelli.108-175-3-191.plesk.page\/fr\/wp-json\/wp\/v2\/types\/product"}],"replies":[{"embeddable":true,"href":"https:\/\/unruffled-ardinghelli.108-175-3-191.plesk.page\/fr\/wp-json\/wp\/v2\/comments?post=15471"}],"wp:featuredmedia":[{"embeddable":true,"href":"https:\/\/unruffled-ardinghelli.108-175-3-191.plesk.page\/fr\/wp-json\/wp\/v2\/media\/15135"}],"wp:attachment":[{"href":"https:\/\/unruffled-ardinghelli.108-175-3-191.plesk.page\/fr\/wp-json\/wp\/v2\/media?parent=15471"}],"wp:term":[{"taxonomy":"product_brand","embeddable":true,"href":"https:\/\/unruffled-ardinghelli.108-175-3-191.plesk.page\/fr\/wp-json\/wp\/v2\/product_brand?post=15471"},{"taxonomy":"product_cat","embeddable":true,"href":"https:\/\/unruffled-ardinghelli.108-175-3-191.plesk.page\/fr\/wp-json\/wp\/v2\/product_cat?post=15471"},{"taxonomy":"product_tag","embeddable":true,"href":"https:\/\/unruffled-ardinghelli.108-175-3-191.plesk.page\/fr\/wp-json\/wp\/v2\/product_tag?post=15471"}],"curies":[{"name":"wp","href":"https:\/\/api.w.org\/{rel}","templated":true}]}}