{"id":15439,"date":"2026-04-05T08:47:41","date_gmt":"2026-04-05T08:47:41","guid":{"rendered":"https:\/\/unruffled-ardinghelli.108-175-3-191.plesk.page\/product\/tire-paint-pens\/"},"modified":"2026-04-05T08:49:32","modified_gmt":"2026-04-05T08:49:32","slug":"stylos-de-peinture-pour-pneus","status":"publish","type":"product","link":"https:\/\/unruffled-ardinghelli.108-175-3-191.plesk.page\/fr\/produit\/stylos-de-peinture-pour-pneus\/","title":{"rendered":"Stylos de Peinture pour Pneus"},"content":{"rendered":"<p data-start=\"94\" data-end=\"322\">Chez Tire Stickers, nous misons sur l\u2019innovation et la satisfaction de nos clients. C\u2019est pourquoi nous sommes fiers de pr\u00e9senter notre toute nouvelle solution de lettrage pour pneus \u00e0 court terme et abordable : <strong data-start=\"306\" data-end=\"318\">Tire Ink<\/strong> !<\/p>\n<p data-start=\"324\" data-end=\"638\">Les stylos de peinture pour pneus Tire Ink sont une fa\u00e7on simple de donner un look \u00ab course \u00bb \u00e0 votre v\u00e9hicule, sans le co\u00fbt de nos produits personnalis\u00e9s \u00e0 plus long terme. Inspir\u00e9 par notre passion pour la haute performance, Tire Ink a \u00e9t\u00e9 con\u00e7u pour offrir une touche color\u00e9e \u00e0 vos pneus \u00e0 un prix accessible.<\/p>\n<ul data-start=\"640\" data-end=\"1257\">\n<li data-section-id=\"1uuvvwp\" data-start=\"640\" data-end=\"708\">Dure plusieurs semaines lorsque le pneu est correctement pr\u00e9par\u00e9<\/li>\n<li data-section-id=\"11hh8gx\" data-start=\"709\" data-end=\"817\">Durabilit\u00e9 inf\u00e9rieure \u00e0 nos produits permanents en caoutchouc en relief et aux autocollants Peel &amp; Stick<\/li>\n<li data-section-id=\"wmym2u\" data-start=\"818\" data-end=\"893\">Pointe r\u00e9versible \u00e0 deux c\u00f4t\u00e9s avec une pointe fine et une pointe large<\/li>\n<li data-section-id=\"v6tg9a\" data-start=\"894\" data-end=\"957\">R\u00e9sistant aux lavages auto et aux nettoyeurs haute pression<\/li>\n<li data-section-id=\"1mgiqzg\" data-start=\"958\" data-end=\"1055\">Compatible avec tous les types de pneus : motos, v\u00e9los, voitures, camions, VTT et plus encore<\/li>\n<li data-section-id=\"zxglp\" data-start=\"1056\" data-end=\"1096\">Disponible en 8 couleurs diff\u00e9rentes<\/li>\n<li data-section-id=\"exdnx5\" data-start=\"1097\" data-end=\"1200\">Id\u00e9al pour colorer les lettres d\u00e9j\u00e0 pr\u00e9sentes sur vos pneus, moins adapt\u00e9 aux designs personnalis\u00e9s<\/li>\n<li data-section-id=\"1fpd7p6\" data-start=\"1201\" data-end=\"1257\">Permet de redonner vie \u00e0 des lettrages de pneus us\u00e9s<\/li>\n<\/ul>\n<p>Instructions include:<br \/>\n<img loading=\"lazy\" decoding=\"async\" class=\"alignnone size-large wp-image-38362\" src=\"https:\/\/www.tirestickers.com\/wp-content\/uploads\/2018\/01\/paint-pens-step-1.png\" alt=\"\" width=\"1023\" height=\"385\" \/><br \/>\n<img loading=\"lazy\" decoding=\"async\" class=\"alignnone size-large wp-image-38361\" src=\"https:\/\/www.tirestickers.com\/wp-content\/uploads\/2018\/01\/paint-pens-step-2.png\" alt=\"\" width=\"1023\" height=\"400\" \/><br \/>\n<img loading=\"lazy\" decoding=\"async\" class=\"alignnone size-large wp-image-38360\" src=\"https:\/\/www.tirestickers.com\/wp-content\/uploads\/2018\/01\/paint-pens-step-3-1024x386.png\" alt=\"\" width=\"1024\" height=\"386\" \/><br \/>\n<img loading=\"lazy\" decoding=\"async\" class=\"alignnone size-large wp-image-38359\" src=\"https:\/\/www.tirestickers.com\/wp-content\/uploads\/2018\/01\/paint-pens-step-4-1024x384.png\" alt=\"\" width=\"1024\" height=\"384\" \/><br \/>\n<img loading=\"lazy\" decoding=\"async\" class=\"alignnone size-large wp-image-38358\" src=\"https:\/\/www.tirestickers.com\/wp-content\/uploads\/2018\/01\/paint-pens-step-5-1024x386.png\" alt=\"\" width=\"1024\" height=\"386\" \/><\/p>\n","protected":false},"excerpt":{"rendered":"<p>Chez Tire Stickers, nous misons sur l\u2019innovation et la satisfaction de nos clients. C\u2019est pourquoi nous sommes fiers de pr\u00e9senter notre toute nouvelle solution de lettrage pour pneus \u00e0 court terme et abordable : Tire Ink ! Les stylos de peinture pour pneus Tire Ink sont une fa\u00e7on simple de donner un look \u00ab course [&hellip;]<\/p>\n","protected":false},"featured_media":15441,"comment_status":"closed","ping_status":"closed","template":"","meta":[],"product_brand":[],"product_cat":[50],"product_tag":[],"class_list":{"0":"post-15439","1":"product","2":"type-product","3":"status-publish","4":"has-post-thumbnail","6":"product_cat-accessories","8":"first","9":"instock","10":"sale","11":"taxable","12":"shipping-taxable","13":"purchasable","14":"product-type-simple"},"_links":{"self":[{"href":"https:\/\/unruffled-ardinghelli.108-175-3-191.plesk.page\/fr\/wp-json\/wp\/v2\/product\/15439","targetHints":{"allow":["GET"]}}],"collection":[{"href":"https:\/\/unruffled-ardinghelli.108-175-3-191.plesk.page\/fr\/wp-json\/wp\/v2\/product"}],"about":[{"href":"https:\/\/unruffled-ardinghelli.108-175-3-191.plesk.page\/fr\/wp-json\/wp\/v2\/types\/product"}],"replies":[{"embeddable":true,"href":"https:\/\/unruffled-ardinghelli.108-175-3-191.plesk.page\/fr\/wp-json\/wp\/v2\/comments?post=15439"}],"wp:featuredmedia":[{"embeddable":true,"href":"https:\/\/unruffled-ardinghelli.108-175-3-191.plesk.page\/fr\/wp-json\/wp\/v2\/media\/15441"}],"wp:attachment":[{"href":"https:\/\/unruffled-ardinghelli.108-175-3-191.plesk.page\/fr\/wp-json\/wp\/v2\/media?parent=15439"}],"wp:term":[{"taxonomy":"product_brand","embeddable":true,"href":"https:\/\/unruffled-ardinghelli.108-175-3-191.plesk.page\/fr\/wp-json\/wp\/v2\/product_brand?post=15439"},{"taxonomy":"product_cat","embeddable":true,"href":"https:\/\/unruffled-ardinghelli.108-175-3-191.plesk.page\/fr\/wp-json\/wp\/v2\/product_cat?post=15439"},{"taxonomy":"product_tag","embeddable":true,"href":"https:\/\/unruffled-ardinghelli.108-175-3-191.plesk.page\/fr\/wp-json\/wp\/v2\/product_tag?post=15439"}],"curies":[{"name":"wp","href":"https:\/\/api.w.org\/{rel}","templated":true}]}}