{"id":15423,"date":"2026-04-05T08:22:30","date_gmt":"2026-04-05T08:22:30","guid":{"rendered":"https:\/\/unruffled-ardinghelli.108-175-3-191.plesk.page\/product\/mighty-green-tire-cleaner-and-degreaser\/"},"modified":"2026-04-05T08:25:34","modified_gmt":"2026-04-05T08:25:34","slug":"nettoyant-et-degraissant-pour-pneus-mighty-green","status":"publish","type":"product","link":"https:\/\/unruffled-ardinghelli.108-175-3-191.plesk.page\/fr\/produit\/nettoyant-et-degraissant-pour-pneus-mighty-green\/","title":{"rendered":"Nettoyant et D\u00e9graissant pour Pneus Mighty Green"},"content":{"rendered":"<p data-start=\"57\" data-end=\"466\"><strong data-start=\"57\" data-end=\"109\">Nettoyant et D\u00e9graissant pour Pneus Mighty Green<\/strong> \u2013 Ce nettoyant \u00e9limine la salet\u00e9 et les huiles de la surface du pneu et est utilis\u00e9 pour pr\u00e9parer le flanc avant l\u2019installation de lettrage pour pneus. Il suffit de vaporiser sur le pneu et de bien essuyer jusqu\u2019\u00e0 ce que toute la salet\u00e9 et l\u2019huile soient retir\u00e9es de la surface. Une fois le pneu propre, vous pouvez proc\u00e9der \u00e0 l\u2019installation du lettrage.<\/p>\n<p data-start=\"468\" data-end=\"776\">Bien que ce produit puisse \u00eatre utilis\u00e9 comme alternative \u00e0 l\u2019ac\u00e9tone, il est recommand\u00e9 de faire preuve de prudence autour des jantes, du chrome et des autres surfaces peintes lors de l\u2019application. Si un exc\u00e8s de produit entre en contact avec les jantes ou d\u2019autres composants, rincez simplement \u00e0 l\u2019eau.<\/p>\n","protected":false},"excerpt":{"rendered":"<p>Nettoyant et D\u00e9graissant pour Pneus Mighty Green \u2013 Ce nettoyant \u00e9limine la salet\u00e9 et les huiles de la surface du pneu et est utilis\u00e9 pour pr\u00e9parer le flanc avant l\u2019installation de lettrage pour pneus. Il suffit de vaporiser sur le pneu et de bien essuyer jusqu\u2019\u00e0 ce que toute la salet\u00e9 et l\u2019huile soient retir\u00e9es [&hellip;]<\/p>\n","protected":false},"featured_media":15424,"comment_status":"closed","ping_status":"closed","template":"","meta":[],"product_brand":[],"product_cat":[50],"product_tag":[],"class_list":{"0":"post-15423","1":"product","2":"type-product","3":"status-publish","4":"has-post-thumbnail","6":"product_cat-accessories","8":"first","9":"instock","10":"taxable","11":"shipping-taxable","12":"purchasable","13":"product-type-variable"},"_links":{"self":[{"href":"https:\/\/unruffled-ardinghelli.108-175-3-191.plesk.page\/fr\/wp-json\/wp\/v2\/product\/15423","targetHints":{"allow":["GET"]}}],"collection":[{"href":"https:\/\/unruffled-ardinghelli.108-175-3-191.plesk.page\/fr\/wp-json\/wp\/v2\/product"}],"about":[{"href":"https:\/\/unruffled-ardinghelli.108-175-3-191.plesk.page\/fr\/wp-json\/wp\/v2\/types\/product"}],"replies":[{"embeddable":true,"href":"https:\/\/unruffled-ardinghelli.108-175-3-191.plesk.page\/fr\/wp-json\/wp\/v2\/comments?post=15423"}],"wp:featuredmedia":[{"embeddable":true,"href":"https:\/\/unruffled-ardinghelli.108-175-3-191.plesk.page\/fr\/wp-json\/wp\/v2\/media\/15424"}],"wp:attachment":[{"href":"https:\/\/unruffled-ardinghelli.108-175-3-191.plesk.page\/fr\/wp-json\/wp\/v2\/media?parent=15423"}],"wp:term":[{"taxonomy":"product_brand","embeddable":true,"href":"https:\/\/unruffled-ardinghelli.108-175-3-191.plesk.page\/fr\/wp-json\/wp\/v2\/product_brand?post=15423"},{"taxonomy":"product_cat","embeddable":true,"href":"https:\/\/unruffled-ardinghelli.108-175-3-191.plesk.page\/fr\/wp-json\/wp\/v2\/product_cat?post=15423"},{"taxonomy":"product_tag","embeddable":true,"href":"https:\/\/unruffled-ardinghelli.108-175-3-191.plesk.page\/fr\/wp-json\/wp\/v2\/product_tag?post=15423"}],"curies":[{"name":"wp","href":"https:\/\/api.w.org\/{rel}","templated":true}]}}