{"id":15412,"date":"2025-11-16T03:40:23","date_gmt":"2025-11-16T03:40:23","guid":{"rendered":"https:\/\/unruffled-ardinghelli.108-175-3-191.plesk.page\/product\/tire-stickers-cleaner\/"},"modified":"2026-04-05T08:16:58","modified_gmt":"2026-04-05T08:16:58","slug":"nettoyant-pour-autocollants-de-pneus-permanents","status":"publish","type":"product","link":"https:\/\/unruffled-ardinghelli.108-175-3-191.plesk.page\/fr\/produit\/nettoyant-pour-autocollants-de-pneus-permanents\/","title":{"rendered":"Nettoyant pour Autocollants de Pneus Permanents"},"content":{"rendered":"<p data-start=\"57\" data-end=\"546\"><strong data-start=\"57\" data-end=\"108\">Nettoyant pour Autocollants de Pneus Permanents<\/strong> \u2013 Ce nettoyant permet de raviver et nettoyer les autocollants en caoutchouc permanent en relief, m\u00eame apr\u00e8s des milliers de kilom\u00e8tres de conduite. Afin de pr\u00e9venir la d\u00e9coloration acc\u00e9l\u00e9r\u00e9e, ne laissez pas les produits de brillance pour pneus rester sur la surface visible des autocollants. Apr\u00e8s l\u2019application d\u2019un produit pour faire briller les pneus, essuyez la surface sup\u00e9rieure des autocollants avec un chiffon ou une serviette.<\/p>\n<p data-start=\"548\" data-end=\"741\">Pour utiliser ce nettoyant, vaporisez sur un chiffon ou une serviette, puis essuyez les autocollants. L\u2019ac\u00e9tone peut \u00eatre utilis\u00e9e pour \u00e9liminer les taches difficiles ou tout exc\u00e8s d\u2019adh\u00e9sif.<\/p>\n","protected":false},"excerpt":{"rendered":"<p>Nettoyant pour Autocollants de Pneus Permanents \u2013 Ce nettoyant permet de raviver et nettoyer les autocollants en caoutchouc permanent en relief, m\u00eame apr\u00e8s des milliers de kilom\u00e8tres de conduite. Afin de pr\u00e9venir la d\u00e9coloration acc\u00e9l\u00e9r\u00e9e, ne laissez pas les produits de brillance pour pneus rester sur la surface visible des autocollants. Apr\u00e8s l\u2019application d\u2019un produit [&hellip;]<\/p>\n","protected":false},"featured_media":15413,"comment_status":"open","ping_status":"closed","template":"","meta":[],"product_brand":[],"product_cat":[50],"product_tag":[],"class_list":{"0":"post-15412","1":"product","2":"type-product","3":"status-publish","4":"has-post-thumbnail","6":"product_cat-accessories","8":"first","9":"instock","10":"taxable","11":"shipping-taxable","12":"purchasable","13":"product-type-variable"},"_links":{"self":[{"href":"https:\/\/unruffled-ardinghelli.108-175-3-191.plesk.page\/fr\/wp-json\/wp\/v2\/product\/15412","targetHints":{"allow":["GET"]}}],"collection":[{"href":"https:\/\/unruffled-ardinghelli.108-175-3-191.plesk.page\/fr\/wp-json\/wp\/v2\/product"}],"about":[{"href":"https:\/\/unruffled-ardinghelli.108-175-3-191.plesk.page\/fr\/wp-json\/wp\/v2\/types\/product"}],"replies":[{"embeddable":true,"href":"https:\/\/unruffled-ardinghelli.108-175-3-191.plesk.page\/fr\/wp-json\/wp\/v2\/comments?post=15412"}],"wp:featuredmedia":[{"embeddable":true,"href":"https:\/\/unruffled-ardinghelli.108-175-3-191.plesk.page\/fr\/wp-json\/wp\/v2\/media\/15413"}],"wp:attachment":[{"href":"https:\/\/unruffled-ardinghelli.108-175-3-191.plesk.page\/fr\/wp-json\/wp\/v2\/media?parent=15412"}],"wp:term":[{"taxonomy":"product_brand","embeddable":true,"href":"https:\/\/unruffled-ardinghelli.108-175-3-191.plesk.page\/fr\/wp-json\/wp\/v2\/product_brand?post=15412"},{"taxonomy":"product_cat","embeddable":true,"href":"https:\/\/unruffled-ardinghelli.108-175-3-191.plesk.page\/fr\/wp-json\/wp\/v2\/product_cat?post=15412"},{"taxonomy":"product_tag","embeddable":true,"href":"https:\/\/unruffled-ardinghelli.108-175-3-191.plesk.page\/fr\/wp-json\/wp\/v2\/product_tag?post=15412"}],"curies":[{"name":"wp","href":"https:\/\/api.w.org\/{rel}","templated":true}]}}