{"id":15394,"date":"2026-01-24T00:12:08","date_gmt":"2026-01-24T00:12:08","guid":{"rendered":"https:\/\/unruffled-ardinghelli.108-175-3-191.plesk.page\/product\/tire-graphics-accent-line-stripes\/"},"modified":"2026-04-05T07:56:24","modified_gmt":"2026-04-05T07:56:24","slug":"creez-le-votre-kit-daccent-de-ligne","status":"publish","type":"product","link":"https:\/\/unruffled-ardinghelli.108-175-3-191.plesk.page\/fr\/produit\/creez-le-votre-kit-daccent-de-ligne\/","title":{"rendered":"CR\u00c9EZ LE V\u00d4TRE \u2013 KIT D\u2019ACCENT DE LIGNE (TEXTE DESSOUS\/DEDANS)"},"content":{"rendered":"<p data-start=\"57\" data-end=\"157\"><strong data-start=\"57\" data-end=\"155\">Graphiques pour Pneus \u2013 Ligne Sup\u00e9rieure \/ Inf\u00e9rieure et Texte \u2013 Personnalisation Disponible !<\/strong><\/p>\n<p data-start=\"159\" data-end=\"567\">Apportez un look personnalis\u00e9 \u00e0 votre v\u00e9hicule avec ces graphiques de pneus \u00e0 lignes d\u2019accent. La longueur des lignes sera ajust\u00e9e en fonction de la longueur du texte personnalis\u00e9 que vous saisissez. Chaque kit comprend 4 autocollants pour le haut, 4 autocollants pour le bas et 8 bandes (2 bandes par pneu). Combinez diff\u00e9rents textes, couleurs et polices pour cr\u00e9er un design de lettrage de pneus unique.<\/p>\n<p data-start=\"569\" data-end=\"592\"><strong data-start=\"569\" data-end=\"590\">Ce kit comprend :<\/strong><\/p>\n<ul data-start=\"593\" data-end=\"722\">\n<li data-section-id=\"14enwxg\" data-start=\"593\" data-end=\"629\">8 bandes pour pneus (2 par pneu)<\/li>\n<li data-section-id=\"1x5jl1s\" data-start=\"630\" data-end=\"675\">4 textes sup\u00e9rieurs \/ 4 textes inf\u00e9rieurs<\/li>\n<li data-section-id=\"1i8vs78\" data-start=\"676\" data-end=\"700\">Guide d\u2019instructions<\/li>\n<li data-section-id=\"1fuc568\" data-start=\"701\" data-end=\"722\">Adh\u00e9sif fleXement<\/li>\n<\/ul>\n<p data-start=\"724\" data-end=\"867\">Veuillez s\u00e9lectionner le type d\u2019autocollant pour pneu que vous souhaitez acheter, la taille des roues, la hauteur des lettres et la quantit\u00e9.<\/p>\n<p data-start=\"869\" data-end=\"897\"><strong data-start=\"869\" data-end=\"895\">GUIDES D\u2019APPLICATION :<\/strong><\/p>\n<p data-start=\"899\" data-end=\"929\"><em data-start=\"899\" data-end=\"927\">Temporaire (Court terme) :<\/em><\/p>\n<ul data-start=\"930\" data-end=\"1023\">\n<li data-section-id=\"14rev2y\" data-start=\"930\" data-end=\"986\">Feuille d\u2019instructions pour application Peel &amp; Stick<\/li>\n<li data-section-id=\"1mgqk26\" data-start=\"987\" data-end=\"1023\">Vid\u00e9o d\u2019application Peel &amp; Stick<\/li>\n<\/ul>\n<p data-start=\"1025\" data-end=\"1053\"><em data-start=\"1025\" data-end=\"1051\">Permanent (Long terme) :<\/em><\/p>\n<ul data-start=\"1054\" data-end=\"1143\">\n<li data-section-id=\"1pcyztl\" data-start=\"1054\" data-end=\"1108\">Feuille d\u2019instructions pour application permanente<\/li>\n<li data-section-id=\"51aff1\" data-start=\"1109\" data-end=\"1143\">Vid\u00e9o d\u2019application permanente<\/li>\n<\/ul>\n<p data-start=\"1145\" data-end=\"1236\">Pour plus d\u2019informations sur ce produit, consultez le <strong data-start=\"1199\" data-end=\"1233\">Guide de s\u00e9lection de produits<\/strong>.<\/p>\n","protected":false},"excerpt":{"rendered":"<p>Graphiques pour Pneus \u2013 Ligne Sup\u00e9rieure \/ Inf\u00e9rieure et Texte \u2013 Personnalisation Disponible ! Apportez un look personnalis\u00e9 \u00e0 votre v\u00e9hicule avec ces graphiques de pneus \u00e0 lignes d\u2019accent. La longueur des lignes sera ajust\u00e9e en fonction de la longueur du texte personnalis\u00e9 que vous saisissez. Chaque kit comprend 4 autocollants pour le haut, 4 [&hellip;]<\/p>\n","protected":false},"featured_media":15395,"comment_status":"closed","ping_status":"closed","template":"","meta":[],"product_brand":[],"product_cat":[61,62,59],"product_tag":[],"class_list":{"0":"post-15394","1":"product","2":"type-product","3":"status-publish","4":"has-post-thumbnail","6":"product_cat-create-your-own","7":"product_cat-tire-graphics","8":"product_cat-tire-lettering","10":"first","11":"instock","12":"sale","13":"taxable","14":"shipping-taxable","15":"purchasable","16":"product-type-variable"},"_links":{"self":[{"href":"https:\/\/unruffled-ardinghelli.108-175-3-191.plesk.page\/fr\/wp-json\/wp\/v2\/product\/15394","targetHints":{"allow":["GET"]}}],"collection":[{"href":"https:\/\/unruffled-ardinghelli.108-175-3-191.plesk.page\/fr\/wp-json\/wp\/v2\/product"}],"about":[{"href":"https:\/\/unruffled-ardinghelli.108-175-3-191.plesk.page\/fr\/wp-json\/wp\/v2\/types\/product"}],"replies":[{"embeddable":true,"href":"https:\/\/unruffled-ardinghelli.108-175-3-191.plesk.page\/fr\/wp-json\/wp\/v2\/comments?post=15394"}],"wp:featuredmedia":[{"embeddable":true,"href":"https:\/\/unruffled-ardinghelli.108-175-3-191.plesk.page\/fr\/wp-json\/wp\/v2\/media\/15395"}],"wp:attachment":[{"href":"https:\/\/unruffled-ardinghelli.108-175-3-191.plesk.page\/fr\/wp-json\/wp\/v2\/media?parent=15394"}],"wp:term":[{"taxonomy":"product_brand","embeddable":true,"href":"https:\/\/unruffled-ardinghelli.108-175-3-191.plesk.page\/fr\/wp-json\/wp\/v2\/product_brand?post=15394"},{"taxonomy":"product_cat","embeddable":true,"href":"https:\/\/unruffled-ardinghelli.108-175-3-191.plesk.page\/fr\/wp-json\/wp\/v2\/product_cat?post=15394"},{"taxonomy":"product_tag","embeddable":true,"href":"https:\/\/unruffled-ardinghelli.108-175-3-191.plesk.page\/fr\/wp-json\/wp\/v2\/product_tag?post=15394"}],"curies":[{"name":"wp","href":"https:\/\/api.w.org\/{rel}","templated":true}]}}