{"id":15389,"date":"2026-03-31T12:00:55","date_gmt":"2026-03-31T12:00:55","guid":{"rendered":"https:\/\/unruffled-ardinghelli.108-175-3-191.plesk.page\/product\/custom-color-match-tire-stickers\/"},"modified":"2026-03-31T12:22:47","modified_gmt":"2026-03-31T12:22:47","slug":"couleur-personnalisee-sur-mesure","status":"publish","type":"product","link":"https:\/\/unruffled-ardinghelli.108-175-3-191.plesk.page\/fr\/produit\/couleur-personnalisee-sur-mesure\/","title":{"rendered":"Couleur Personnalis\u00e9e sur Mesure"},"content":{"rendered":"<p data-start=\"57\" data-end=\"147\"><strong data-start=\"57\" data-end=\"145\">Autocollants Permanents pour Pneus \u2013 Couleur Personnalis\u00e9e \u2013 Maintenant Disponible !<\/strong><\/p>\n<p data-start=\"149\" data-end=\"568\">Lorsque la couleur parfaite est essentielle, notre technologie de correspondance de couleurs personnalis\u00e9es est la solution id\u00e9ale. Que vous souhaitiez assortir la couleur du v\u00e9hicule, des \u00e9triers de frein ou des roues, nous pouvons cr\u00e9er un rendu enti\u00e8rement sur mesure. La correspondance de couleur personnalis\u00e9e n\u00e9cessite un d\u00e9lai de production prolong\u00e9 de 5 semaines et requiert une s\u00e9lection de code couleur PMS.<\/p>\n<p data-start=\"570\" data-end=\"593\"><strong data-start=\"570\" data-end=\"591\">Ce kit comprend :<\/strong><\/p>\n<ul data-start=\"594\" data-end=\"804\">\n<li data-section-id=\"ioa9o5\" data-start=\"594\" data-end=\"685\">Autocollants permanents pour pneus en couleur personnalis\u00e9e pour l\u2019ensemble du v\u00e9hicule<\/li>\n<li data-section-id=\"1i8vs78\" data-start=\"686\" data-end=\"710\">Guide d\u2019instructions<\/li>\n<li data-section-id=\"1truwq0\" data-start=\"711\" data-end=\"785\">Adh\u00e9sif FleXement et nettoyant pour pneus Tire Stickers Rubber Cleaner<\/li>\n<li data-section-id=\"inljjc\" data-start=\"786\" data-end=\"804\">Gants en latex<\/li>\n<\/ul>\n<p data-start=\"806\" data-end=\"949\">Veuillez s\u00e9lectionner le type d\u2019autocollant pour pneu que vous souhaitez acheter, la taille des roues, la hauteur des lettres et la quantit\u00e9.<\/p>\n<p data-start=\"951\" data-end=\"979\"><strong data-start=\"951\" data-end=\"977\">GUIDES D\u2019APPLICATION :<\/strong><\/p>\n<p data-start=\"981\" data-end=\"1009\"><em data-start=\"981\" data-end=\"1007\">Permanent (Long terme) :<\/em><\/p>\n<ul data-start=\"1010\" data-end=\"1099\">\n<li data-section-id=\"1pcyztl\" data-start=\"1010\" data-end=\"1064\">Feuille d\u2019instructions pour application permanente<\/li>\n<li data-section-id=\"51aff1\" data-start=\"1065\" data-end=\"1099\">Vid\u00e9o d\u2019application permanente<\/li>\n<\/ul>\n","protected":false},"excerpt":{"rendered":"<p>Autocollants Permanents pour Pneus \u2013 Couleur Personnalis\u00e9e \u2013 Maintenant Disponible ! Lorsque la couleur parfaite est essentielle, notre technologie de correspondance de couleurs personnalis\u00e9es est la solution id\u00e9ale. Que vous souhaitiez assortir la couleur du v\u00e9hicule, des \u00e9triers de frein ou des roues, nous pouvons cr\u00e9er un rendu enti\u00e8rement sur mesure. La correspondance de couleur [&hellip;]<\/p>\n","protected":false},"featured_media":15390,"comment_status":"closed","ping_status":"closed","template":"","meta":[],"product_brand":[],"product_cat":[60],"product_tag":[],"class_list":{"0":"post-15389","1":"product","2":"type-product","3":"status-publish","4":"has-post-thumbnail","6":"product_cat-automotive-other-brands","8":"first","9":"instock","10":"taxable","11":"shipping-taxable","12":"purchasable","13":"product-type-variable"},"_links":{"self":[{"href":"https:\/\/unruffled-ardinghelli.108-175-3-191.plesk.page\/fr\/wp-json\/wp\/v2\/product\/15389","targetHints":{"allow":["GET"]}}],"collection":[{"href":"https:\/\/unruffled-ardinghelli.108-175-3-191.plesk.page\/fr\/wp-json\/wp\/v2\/product"}],"about":[{"href":"https:\/\/unruffled-ardinghelli.108-175-3-191.plesk.page\/fr\/wp-json\/wp\/v2\/types\/product"}],"replies":[{"embeddable":true,"href":"https:\/\/unruffled-ardinghelli.108-175-3-191.plesk.page\/fr\/wp-json\/wp\/v2\/comments?post=15389"}],"wp:featuredmedia":[{"embeddable":true,"href":"https:\/\/unruffled-ardinghelli.108-175-3-191.plesk.page\/fr\/wp-json\/wp\/v2\/media\/15390"}],"wp:attachment":[{"href":"https:\/\/unruffled-ardinghelli.108-175-3-191.plesk.page\/fr\/wp-json\/wp\/v2\/media?parent=15389"}],"wp:term":[{"taxonomy":"product_brand","embeddable":true,"href":"https:\/\/unruffled-ardinghelli.108-175-3-191.plesk.page\/fr\/wp-json\/wp\/v2\/product_brand?post=15389"},{"taxonomy":"product_cat","embeddable":true,"href":"https:\/\/unruffled-ardinghelli.108-175-3-191.plesk.page\/fr\/wp-json\/wp\/v2\/product_cat?post=15389"},{"taxonomy":"product_tag","embeddable":true,"href":"https:\/\/unruffled-ardinghelli.108-175-3-191.plesk.page\/fr\/wp-json\/wp\/v2\/product_tag?post=15389"}],"curies":[{"name":"wp","href":"https:\/\/api.w.org\/{rel}","templated":true}]}}