{"id":15348,"date":"2025-11-16T03:41:20","date_gmt":"2025-11-16T03:41:20","guid":{"rendered":"https:\/\/unruffled-ardinghelli.108-175-3-191.plesk.page\/product\/hydroshine-tire-stickers-safe-shine\/"},"modified":"2026-03-27T10:53:34","modified_gmt":"2026-03-27T10:53:34","slug":"hydroshine-brillant-pour-pneus-sur-pour-autocollants","status":"publish","type":"product","link":"https:\/\/unruffled-ardinghelli.108-175-3-191.plesk.page\/fr\/produit\/hydroshine-brillant-pour-pneus-sur-pour-autocollants\/","title":{"rendered":"HYDROSHINE \u2013 BRILLANT POUR PNEUS S\u00dbR POUR AUTOCOLLANTS"},"content":{"rendered":"<p data-start=\"119\" data-end=\"557\"><strong data-start=\"119\" data-end=\"133\">Hydroshine<\/strong> \u2013 Brillant pour pneus \u00e0 base d\u2019eau, s\u00fbr pour \u00eatre pulv\u00e9ris\u00e9 sur les autocollants Tire Stickers ! Hydroshine est un nouveau produit <strong data-start=\"265\" data-end=\"277\">Tire Wet<\/strong> \u00e0 base d\u2019eau qui peut \u00eatre appliqu\u00e9 sur les autocollants en caoutchouc permanent en relief sans endommager ni d\u00e9colorer le produit. Comme Hydroshine ne contient pas d\u2019huile, il permet de conserver l\u2019aspect \u201cpneu mouill\u00e9\u201d sans mettre en danger l\u2019apparence du lettrage des pneus.<\/p>\n<p data-start=\"559\" data-end=\"641\">Choisissez entre <strong data-start=\"576\" data-end=\"594\">Brillant Moyen<\/strong> ou <strong data-start=\"598\" data-end=\"616\">Ultra Brillant<\/strong> selon le rendu d\u00e9sir\u00e9.<\/p>\n<p data-start=\"643\" data-end=\"729\"><strong data-start=\"643\" data-end=\"664\">Ce kit comprend :<\/strong><br data-start=\"664\" data-end=\"667\" \/>\u2013 1 bouteille d\u2019Hydroshine (Brillant Moyen \/ Ultra Brillant)<\/p>\n","protected":false},"excerpt":{"rendered":"<p>Hydroshine \u2013 Brillant pour pneus \u00e0 base d\u2019eau, s\u00fbr pour \u00eatre pulv\u00e9ris\u00e9 sur les autocollants Tire Stickers ! Hydroshine est un nouveau produit Tire Wet \u00e0 base d\u2019eau qui peut \u00eatre appliqu\u00e9 sur les autocollants en caoutchouc permanent en relief sans endommager ni d\u00e9colorer le produit. Comme Hydroshine ne contient pas d\u2019huile, il permet de [&hellip;]<\/p>\n","protected":false},"featured_media":15350,"comment_status":"closed","ping_status":"closed","template":"","meta":[],"product_brand":[],"product_cat":[50],"product_tag":[],"class_list":{"0":"post-15348","1":"product","2":"type-product","3":"status-publish","4":"has-post-thumbnail","6":"product_cat-accessories","8":"first","9":"instock","10":"taxable","11":"shipping-taxable","12":"purchasable","13":"product-type-variable"},"_links":{"self":[{"href":"https:\/\/unruffled-ardinghelli.108-175-3-191.plesk.page\/fr\/wp-json\/wp\/v2\/product\/15348","targetHints":{"allow":["GET"]}}],"collection":[{"href":"https:\/\/unruffled-ardinghelli.108-175-3-191.plesk.page\/fr\/wp-json\/wp\/v2\/product"}],"about":[{"href":"https:\/\/unruffled-ardinghelli.108-175-3-191.plesk.page\/fr\/wp-json\/wp\/v2\/types\/product"}],"replies":[{"embeddable":true,"href":"https:\/\/unruffled-ardinghelli.108-175-3-191.plesk.page\/fr\/wp-json\/wp\/v2\/comments?post=15348"}],"wp:featuredmedia":[{"embeddable":true,"href":"https:\/\/unruffled-ardinghelli.108-175-3-191.plesk.page\/fr\/wp-json\/wp\/v2\/media\/15350"}],"wp:attachment":[{"href":"https:\/\/unruffled-ardinghelli.108-175-3-191.plesk.page\/fr\/wp-json\/wp\/v2\/media?parent=15348"}],"wp:term":[{"taxonomy":"product_brand","embeddable":true,"href":"https:\/\/unruffled-ardinghelli.108-175-3-191.plesk.page\/fr\/wp-json\/wp\/v2\/product_brand?post=15348"},{"taxonomy":"product_cat","embeddable":true,"href":"https:\/\/unruffled-ardinghelli.108-175-3-191.plesk.page\/fr\/wp-json\/wp\/v2\/product_cat?post=15348"},{"taxonomy":"product_tag","embeddable":true,"href":"https:\/\/unruffled-ardinghelli.108-175-3-191.plesk.page\/fr\/wp-json\/wp\/v2\/product_tag?post=15348"}],"curies":[{"name":"wp","href":"https:\/\/api.w.org\/{rel}","templated":true}]}}