{"id":15336,"date":"2025-11-16T03:39:05","date_gmt":"2025-11-16T03:39:05","guid":{"rendered":"https:\/\/unruffled-ardinghelli.108-175-3-191.plesk.page\/product\/tire-stickers-gift-card\/"},"modified":"2026-03-27T10:45:22","modified_gmt":"2026-03-27T10:45:22","slug":"carte-cadeau-tire-stickers","status":"publish","type":"product","link":"https:\/\/unruffled-ardinghelli.108-175-3-191.plesk.page\/fr\/produit\/carte-cadeau-tire-stickers\/","title":{"rendered":"Carte Cadeau Tire Stickers"},"content":{"rendered":"<p data-start=\"57\" data-end=\"117\"><strong data-start=\"57\" data-end=\"115\">Cartes Cadeau Tire Stickers \u2013 Maintenant Disponibles !<\/strong><\/p>\n<p data-start=\"119\" data-end=\"291\">Vous cherchez le cadeau parfait pour l\u2019amateur d\u2019automobile dans votre vie ? Offrez une <strong data-start=\"207\" data-end=\"237\">Carte Cadeau Tire Stickers<\/strong> \u00e0 utiliser comme cr\u00e9dit pour l\u2019achat d\u2019un produit !<\/p>\n<p data-start=\"293\" data-end=\"509\">Choisissez un cr\u00e9dit de 25 $, 50 $, 100 $, 200 $, 300 $, 400 $ ou 500 $, finalisez votre achat et recevez un <strong data-start=\"381\" data-end=\"396\">code coupon<\/strong> correspondant \u00e0 la valeur choisie. Ce code coupon peut \u00eatre utilis\u00e9 lors du paiement pour appliquer le cr\u00e9dit.<\/p>\n<p data-start=\"511\" data-end=\"713\" data-is-only-node=\"\">Cette carte cadeau peut \u00eatre combin\u00e9e avec d\u2019autres produits ; veuillez laisser une note lors du paiement. Pour des designs personnalis\u00e9s, veuillez revenir \u00e0 <strong data-start=\"669\" data-end=\"687\">Cr\u00e9ez le v\u00f4tre<\/strong>, ou <strong data-start=\"692\" data-end=\"710\">Contactez-nous<\/strong>.<\/p>\n","protected":false},"excerpt":{"rendered":"<p>Cartes Cadeau Tire Stickers \u2013 Maintenant Disponibles ! Vous cherchez le cadeau parfait pour l\u2019amateur d\u2019automobile dans votre vie ? Offrez une Carte Cadeau Tire Stickers \u00e0 utiliser comme cr\u00e9dit pour l\u2019achat d\u2019un produit ! Choisissez un cr\u00e9dit de 25 $, 50 $, 100 $, 200 $, 300 $, 400 $ ou 500 $, finalisez [&hellip;]<\/p>\n","protected":false},"featured_media":15337,"comment_status":"open","ping_status":"closed","template":"","meta":[],"product_brand":[],"product_cat":[50],"product_tag":[],"class_list":{"0":"post-15336","1":"product","2":"type-product","3":"status-publish","4":"has-post-thumbnail","6":"product_cat-accessories","8":"first","9":"instock","10":"taxable","11":"shipping-taxable","12":"purchasable","13":"product-type-variable"},"_links":{"self":[{"href":"https:\/\/unruffled-ardinghelli.108-175-3-191.plesk.page\/fr\/wp-json\/wp\/v2\/product\/15336","targetHints":{"allow":["GET"]}}],"collection":[{"href":"https:\/\/unruffled-ardinghelli.108-175-3-191.plesk.page\/fr\/wp-json\/wp\/v2\/product"}],"about":[{"href":"https:\/\/unruffled-ardinghelli.108-175-3-191.plesk.page\/fr\/wp-json\/wp\/v2\/types\/product"}],"replies":[{"embeddable":true,"href":"https:\/\/unruffled-ardinghelli.108-175-3-191.plesk.page\/fr\/wp-json\/wp\/v2\/comments?post=15336"}],"wp:featuredmedia":[{"embeddable":true,"href":"https:\/\/unruffled-ardinghelli.108-175-3-191.plesk.page\/fr\/wp-json\/wp\/v2\/media\/15337"}],"wp:attachment":[{"href":"https:\/\/unruffled-ardinghelli.108-175-3-191.plesk.page\/fr\/wp-json\/wp\/v2\/media?parent=15336"}],"wp:term":[{"taxonomy":"product_brand","embeddable":true,"href":"https:\/\/unruffled-ardinghelli.108-175-3-191.plesk.page\/fr\/wp-json\/wp\/v2\/product_brand?post=15336"},{"taxonomy":"product_cat","embeddable":true,"href":"https:\/\/unruffled-ardinghelli.108-175-3-191.plesk.page\/fr\/wp-json\/wp\/v2\/product_cat?post=15336"},{"taxonomy":"product_tag","embeddable":true,"href":"https:\/\/unruffled-ardinghelli.108-175-3-191.plesk.page\/fr\/wp-json\/wp\/v2\/product_tag?post=15336"}],"curies":[{"name":"wp","href":"https:\/\/api.w.org\/{rel}","templated":true}]}}