{"id":15331,"date":"2025-11-16T03:38:47","date_gmt":"2025-11-16T03:38:47","guid":{"rendered":"https:\/\/unruffled-ardinghelli.108-175-3-191.plesk.page\/product\/flexement-adhesive-for-permanent-tire-stickers\/"},"modified":"2026-03-27T10:40:40","modified_gmt":"2026-03-27T10:40:40","slug":"adhesif-flexement-pour-autocollants-de-pneus-permanents","status":"publish","type":"product","link":"https:\/\/unruffled-ardinghelli.108-175-3-191.plesk.page\/fr\/produit\/adhesif-flexement-pour-autocollants-de-pneus-permanents\/","title":{"rendered":"Adh\u00e9sif FleXement pour Autocollants de Pneus Permanents"},"content":{"rendered":"<p data-start=\"103\" data-end=\"243\">Adh\u00e9sif FleXement brevet\u00e9 en bouteille<br data-start=\"141\" data-end=\"144\" \/>Des bouteilles d\u2019adh\u00e9sif FleXement peuvent \u00eatre achet\u00e9es individuellement sur cette page produit.<\/p>\n<p data-start=\"245\" data-end=\"290\"><strong data-start=\"245\" data-end=\"266\">Ce kit comprend :<\/strong><br data-start=\"266\" data-end=\"269\" \/>\u2013 Adh\u00e9sif FleXement<\/p>\n<p data-start=\"292\" data-end=\"367\"><strong data-start=\"292\" data-end=\"318\">GUIDES D\u2019APPLICATION :<\/strong><br data-start=\"318\" data-end=\"321\" \/>\u2013 Permanent : Guide d\u2019application permanente<\/p>\n<p>&nbsp;<\/p>\n","protected":false},"excerpt":{"rendered":"<p>Adh\u00e9sif FleXement brevet\u00e9 en bouteilleDes bouteilles d\u2019adh\u00e9sif FleXement peuvent \u00eatre achet\u00e9es individuellement sur cette page produit. Ce kit comprend :\u2013 Adh\u00e9sif FleXement GUIDES D\u2019APPLICATION :\u2013 Permanent : Guide d\u2019application permanente &nbsp;<\/p>\n","protected":false},"featured_media":15008,"comment_status":"closed","ping_status":"closed","template":"","meta":[],"product_brand":[],"product_cat":[50],"product_tag":[],"class_list":{"0":"post-15331","1":"product","2":"type-product","3":"status-publish","4":"has-post-thumbnail","6":"product_cat-accessories","8":"first","9":"instock","10":"taxable","11":"shipping-taxable","12":"purchasable","13":"product-type-variable"},"_links":{"self":[{"href":"https:\/\/unruffled-ardinghelli.108-175-3-191.plesk.page\/fr\/wp-json\/wp\/v2\/product\/15331","targetHints":{"allow":["GET"]}}],"collection":[{"href":"https:\/\/unruffled-ardinghelli.108-175-3-191.plesk.page\/fr\/wp-json\/wp\/v2\/product"}],"about":[{"href":"https:\/\/unruffled-ardinghelli.108-175-3-191.plesk.page\/fr\/wp-json\/wp\/v2\/types\/product"}],"replies":[{"embeddable":true,"href":"https:\/\/unruffled-ardinghelli.108-175-3-191.plesk.page\/fr\/wp-json\/wp\/v2\/comments?post=15331"}],"wp:featuredmedia":[{"embeddable":true,"href":"https:\/\/unruffled-ardinghelli.108-175-3-191.plesk.page\/fr\/wp-json\/wp\/v2\/media\/15008"}],"wp:attachment":[{"href":"https:\/\/unruffled-ardinghelli.108-175-3-191.plesk.page\/fr\/wp-json\/wp\/v2\/media?parent=15331"}],"wp:term":[{"taxonomy":"product_brand","embeddable":true,"href":"https:\/\/unruffled-ardinghelli.108-175-3-191.plesk.page\/fr\/wp-json\/wp\/v2\/product_brand?post=15331"},{"taxonomy":"product_cat","embeddable":true,"href":"https:\/\/unruffled-ardinghelli.108-175-3-191.plesk.page\/fr\/wp-json\/wp\/v2\/product_cat?post=15331"},{"taxonomy":"product_tag","embeddable":true,"href":"https:\/\/unruffled-ardinghelli.108-175-3-191.plesk.page\/fr\/wp-json\/wp\/v2\/product_tag?post=15331"}],"curies":[{"name":"wp","href":"https:\/\/api.w.org\/{rel}","templated":true}]}}