{"id":15321,"date":"2025-11-16T03:41:24","date_gmt":"2025-11-16T03:41:24","guid":{"rendered":"https:\/\/unruffled-ardinghelli.108-175-3-191.plesk.page\/product\/tire-lettering-replacements\/"},"modified":"2026-03-27T10:38:42","modified_gmt":"2026-03-27T10:38:42","slug":"remplacements-de-lettrage-pour-pneus","status":"publish","type":"product","link":"https:\/\/unruffled-ardinghelli.108-175-3-191.plesk.page\/fr\/produit\/remplacements-de-lettrage-pour-pneus\/","title":{"rendered":"Remplacements de Lettrage pour Pneus"},"content":{"rendered":"<p data-start=\"40\" data-end=\"322\">Alors vous avez perdu une lettre\u2026 NOOO ! \ud83d\ude31<br data-start=\"83\" data-end=\"86\" \/>\u00c7a arrive, on comprend. La bonne nouvelle, c\u2019est que vous pouvez maintenant facilement acheter des <strong data-start=\"185\" data-end=\"212\">lettres de remplacement<\/strong>, logos et autocollants complets pour corriger tout dommage survenu lors de l\u2019utilisation de votre v\u00e9hicule.<\/p>\n<p data-start=\"324\" data-end=\"757\">Si une pression ad\u00e9quate et suffisamment de temps ne sont pas appliqu\u00e9s lors de l\u2019installation initiale, les autocollants risquent de ne pas bien adh\u00e9rer et de se d\u00e9tacher du pneu. <em data-start=\"505\" data-end=\"615\">(Garantie offerte pour les installations effectu\u00e9es par Tire Stickers dans leur installation en Californie).<\/em> Une adh\u00e9rence solide peut \u00eatre obtenue sur une surface de caoutchouc propre lorsque une pression uniforme est appliqu\u00e9e pendant le s\u00e9chage.<\/p>\n<p data-start=\"759\" data-end=\"829\"><em data-start=\"759\" data-end=\"827\">Veuillez noter que jusqu\u2019\u00e0 4 lettres individuelles sont GRATUITES.<\/em><\/p>\n<p data-start=\"831\" data-end=\"859\"><strong data-start=\"831\" data-end=\"857\">GUIDES D\u2019APPLICATION :<\/strong><\/p>\n<ul data-start=\"860\" data-end=\"960\">\n<li data-section-id=\"1ymvec6\" data-start=\"860\" data-end=\"913\">Semi-permanent : Guide d\u2019application Peel &amp; Stick<\/li>\n<li data-section-id=\"1uvr90q\" data-start=\"914\" data-end=\"960\">Permanent : Guide d\u2019application permanente<\/li>\n<\/ul>\n","protected":false},"excerpt":{"rendered":"<p>Alors vous avez perdu une lettre\u2026 NOOO ! \ud83d\ude31\u00c7a arrive, on comprend. La bonne nouvelle, c\u2019est que vous pouvez maintenant facilement acheter des lettres de remplacement, logos et autocollants complets pour corriger tout dommage survenu lors de l\u2019utilisation de votre v\u00e9hicule. Si une pression ad\u00e9quate et suffisamment de temps ne sont pas appliqu\u00e9s lors de [&hellip;]<\/p>\n","protected":false},"featured_media":15322,"comment_status":"closed","ping_status":"closed","template":"","meta":[],"product_brand":[],"product_cat":[49],"product_tag":[],"class_list":{"0":"post-15321","1":"product","2":"type-product","3":"status-publish","4":"has-post-thumbnail","6":"product_cat-non-categorise","8":"first","9":"instock","10":"taxable","11":"shipping-taxable","12":"purchasable","13":"product-type-variable"},"_links":{"self":[{"href":"https:\/\/unruffled-ardinghelli.108-175-3-191.plesk.page\/fr\/wp-json\/wp\/v2\/product\/15321","targetHints":{"allow":["GET"]}}],"collection":[{"href":"https:\/\/unruffled-ardinghelli.108-175-3-191.plesk.page\/fr\/wp-json\/wp\/v2\/product"}],"about":[{"href":"https:\/\/unruffled-ardinghelli.108-175-3-191.plesk.page\/fr\/wp-json\/wp\/v2\/types\/product"}],"replies":[{"embeddable":true,"href":"https:\/\/unruffled-ardinghelli.108-175-3-191.plesk.page\/fr\/wp-json\/wp\/v2\/comments?post=15321"}],"wp:featuredmedia":[{"embeddable":true,"href":"https:\/\/unruffled-ardinghelli.108-175-3-191.plesk.page\/fr\/wp-json\/wp\/v2\/media\/15322"}],"wp:attachment":[{"href":"https:\/\/unruffled-ardinghelli.108-175-3-191.plesk.page\/fr\/wp-json\/wp\/v2\/media?parent=15321"}],"wp:term":[{"taxonomy":"product_brand","embeddable":true,"href":"https:\/\/unruffled-ardinghelli.108-175-3-191.plesk.page\/fr\/wp-json\/wp\/v2\/product_brand?post=15321"},{"taxonomy":"product_cat","embeddable":true,"href":"https:\/\/unruffled-ardinghelli.108-175-3-191.plesk.page\/fr\/wp-json\/wp\/v2\/product_cat?post=15321"},{"taxonomy":"product_tag","embeddable":true,"href":"https:\/\/unruffled-ardinghelli.108-175-3-191.plesk.page\/fr\/wp-json\/wp\/v2\/product_tag?post=15321"}],"curies":[{"name":"wp","href":"https:\/\/api.w.org\/{rel}","templated":true}]}}