{"id":15313,"date":"2025-11-16T03:41:25","date_gmt":"2025-11-16T03:41:25","guid":{"rendered":"https:\/\/unruffled-ardinghelli.108-175-3-191.plesk.page\/product\/permanent-alphabet-kit-dealers-only\/"},"modified":"2026-03-27T10:10:56","modified_gmt":"2026-03-27T10:10:56","slug":"kit-alphabet-permanent-reserve-aux-detaillants","status":"publish","type":"product","link":"https:\/\/unruffled-ardinghelli.108-175-3-191.plesk.page\/fr\/produit\/kit-alphabet-permanent-reserve-aux-detaillants\/","title":{"rendered":"Kit Alphabet Permanent (R\u00e9serv\u00e9 aux D\u00e9taillants)"},"content":{"rendered":"<p data-start=\"115\" data-end=\"205\"><strong data-start=\"115\" data-end=\"203\">Autocollants Permanents pour Pneus \u2013 Couleur Personnalis\u00e9e \u2013 Maintenant Disponible !<\/strong><\/p>\n<p data-start=\"207\" data-end=\"668\">Lorsque la couleur parfaite est essentielle, notre technologie de correspondance de couleurs personnalis\u00e9es est la solution id\u00e9ale. Que vous souhaitiez assortir la couleur du v\u00e9hicule, des \u00e9triers de frein ou des roues, nous pouvons cr\u00e9er un rendu enti\u00e8rement sur mesure. La correspondance de couleur personnalis\u00e9e n\u00e9cessite un d\u00e9lai suppl\u00e9mentaire de 5 jours ouvrables et requiert des codes couleur CMJN (CMYK) ou PMS, ou un \u00e9chantillon de peinture physique.<\/p>\n<p data-start=\"670\" data-end=\"772\">Le d\u00e9lai standard est d\u2019environ 7 jours ouvrables \u00e0 partir de la r\u00e9ception d\u2019un code couleur valide.<\/p>\n<p data-start=\"774\" data-end=\"797\"><strong data-start=\"774\" data-end=\"795\">Ce kit comprend :<\/strong><\/p>\n<ul data-start=\"798\" data-end=\"1008\">\n<li data-section-id=\"ioa9o5\" data-start=\"798\" data-end=\"889\">Autocollants permanents pour pneus en couleur personnalis\u00e9e pour l\u2019ensemble du v\u00e9hicule<\/li>\n<li data-section-id=\"1i8vs78\" data-start=\"890\" data-end=\"914\">Guide d\u2019instructions<\/li>\n<li data-section-id=\"1truwq0\" data-start=\"915\" data-end=\"989\">Adh\u00e9sif FleXement et nettoyant pour pneus Tire Stickers Rubber Cleaner<\/li>\n<li data-section-id=\"inljjc\" data-start=\"990\" data-end=\"1008\">Gants en latex<\/li>\n<\/ul>\n<p data-start=\"1010\" data-end=\"1151\" data-is-last-node=\"\" data-is-only-node=\"\">Veuillez s\u00e9lectionner le type d\u2019autocollant pour pneu que vous souhaitez acheter, la taille des roues, la hauteur des lettres et la quantit\u00e9.<\/p>\n","protected":false},"excerpt":{"rendered":"<p>Autocollants Permanents pour Pneus \u2013 Couleur Personnalis\u00e9e \u2013 Maintenant Disponible ! Lorsque la couleur parfaite est essentielle, notre technologie de correspondance de couleurs personnalis\u00e9es est la solution id\u00e9ale. Que vous souhaitiez assortir la couleur du v\u00e9hicule, des \u00e9triers de frein ou des roues, nous pouvons cr\u00e9er un rendu enti\u00e8rement sur mesure. La correspondance de couleur [&hellip;]<\/p>\n","protected":false},"featured_media":15315,"comment_status":"open","ping_status":"closed","template":"","meta":[],"product_brand":[],"product_cat":[49],"product_tag":[],"class_list":{"0":"post-15313","1":"product","2":"type-product","3":"status-publish","4":"has-post-thumbnail","6":"product_cat-non-categorise","8":"first","9":"instock","10":"taxable","11":"shipping-taxable","12":"purchasable","13":"product-type-variable"},"_links":{"self":[{"href":"https:\/\/unruffled-ardinghelli.108-175-3-191.plesk.page\/fr\/wp-json\/wp\/v2\/product\/15313","targetHints":{"allow":["GET"]}}],"collection":[{"href":"https:\/\/unruffled-ardinghelli.108-175-3-191.plesk.page\/fr\/wp-json\/wp\/v2\/product"}],"about":[{"href":"https:\/\/unruffled-ardinghelli.108-175-3-191.plesk.page\/fr\/wp-json\/wp\/v2\/types\/product"}],"replies":[{"embeddable":true,"href":"https:\/\/unruffled-ardinghelli.108-175-3-191.plesk.page\/fr\/wp-json\/wp\/v2\/comments?post=15313"}],"wp:featuredmedia":[{"embeddable":true,"href":"https:\/\/unruffled-ardinghelli.108-175-3-191.plesk.page\/fr\/wp-json\/wp\/v2\/media\/15315"}],"wp:attachment":[{"href":"https:\/\/unruffled-ardinghelli.108-175-3-191.plesk.page\/fr\/wp-json\/wp\/v2\/media?parent=15313"}],"wp:term":[{"taxonomy":"product_brand","embeddable":true,"href":"https:\/\/unruffled-ardinghelli.108-175-3-191.plesk.page\/fr\/wp-json\/wp\/v2\/product_brand?post=15313"},{"taxonomy":"product_cat","embeddable":true,"href":"https:\/\/unruffled-ardinghelli.108-175-3-191.plesk.page\/fr\/wp-json\/wp\/v2\/product_cat?post=15313"},{"taxonomy":"product_tag","embeddable":true,"href":"https:\/\/unruffled-ardinghelli.108-175-3-191.plesk.page\/fr\/wp-json\/wp\/v2\/product_tag?post=15313"}],"curies":[{"name":"wp","href":"https:\/\/api.w.org\/{rel}","templated":true}]}}