{"id":15281,"date":"2026-03-27T08:26:32","date_gmt":"2026-03-27T08:26:32","guid":{"rendered":"https:\/\/unruffled-ardinghelli.108-175-3-191.plesk.page\/?post_type=product&#038;p=15281"},"modified":"2026-03-27T08:31:13","modified_gmt":"2026-03-27T08:31:13","slug":"elargisseurs-storm-extension","status":"publish","type":"product","link":"https:\/\/unruffled-ardinghelli.108-175-3-191.plesk.page\/fr\/produit\/elargisseurs-storm-extension\/","title":{"rendered":"\u00c9largisseurs Storm (Extension)"},"content":{"rendered":"<p data-start=\"53\" data-end=\"138\"><strong data-start=\"53\" data-end=\"136\">Graphiques pour Pneus Storm Flares \u2013 Extension ADD-ON \u2013 Maintenant Disponible !<\/strong><\/p>\n<p data-start=\"140\" data-end=\"500\">Ajoutez des \u00e9largisseurs \u00e0 n\u2019importe quel kit Haut et Bas pour cr\u00e9er un design complet de pneu. Donnez \u00e0 votre v\u00e9hicule un look personnalis\u00e9 unique avec les Storm Flares. En ajoutant cet \u00e9l\u00e9ment \u00e0 votre design, vous recevrez 8 bandes directionnelles (2 par pneu). La partie la plus large de l\u2019\u00e9largisseur doit toujours \u00eatre orient\u00e9e vers l\u2019avant du v\u00e9hicule.<\/p>\n<p data-start=\"502\" data-end=\"525\"><strong data-start=\"502\" data-end=\"523\">Ce kit comprend :<\/strong><\/p>\n<ul data-start=\"526\" data-end=\"621\">\n<li data-section-id=\"1j9aawl\" data-start=\"526\" data-end=\"574\">8 \u00c9largisseurs Storm pour pneus (2 par pneu)<\/li>\n<li data-section-id=\"1i8vs78\" data-start=\"575\" data-end=\"599\">Guide d\u2019instructions<\/li>\n<li data-section-id=\"1fuc568\" data-start=\"600\" data-end=\"621\">Adh\u00e9sif fleXement<\/li>\n<\/ul>\n<p data-start=\"623\" data-end=\"766\">Veuillez s\u00e9lectionner le type d\u2019autocollant pour pneu que vous souhaitez acheter, la taille des roues, la hauteur des lettres et la quantit\u00e9.<\/p>\n<p data-start=\"768\" data-end=\"796\"><strong data-start=\"768\" data-end=\"794\">GUIDES D\u2019APPLICATION :<\/strong><\/p>\n<ul data-start=\"797\" data-end=\"897\">\n<li data-section-id=\"1ymvec6\" data-start=\"797\" data-end=\"850\">Semi-permanent : Guide d\u2019application Peel &amp; Stick<\/li>\n<li data-section-id=\"1uvr90q\" data-start=\"851\" data-end=\"897\">Permanent : Guide d\u2019application permanente<\/li>\n<\/ul>\n<p data-start=\"899\" data-end=\"994\" data-is-only-node=\"\">Pour des designs personnalis\u00e9s, veuillez revenir \u00e0 <strong data-start=\"950\" data-end=\"968\">Cr\u00e9ez le v\u00f4tre<\/strong>, ou <strong data-start=\"973\" data-end=\"991\">Contactez-nous<\/strong>.<\/p>\n","protected":false},"excerpt":{"rendered":"<p>Graphiques pour Pneus Storm Flares \u2013 Extension ADD-ON \u2013 Maintenant Disponible ! Ajoutez des \u00e9largisseurs \u00e0 n\u2019importe quel kit Haut et Bas pour cr\u00e9er un design complet de pneu. Donnez \u00e0 votre v\u00e9hicule un look personnalis\u00e9 unique avec les Storm Flares. En ajoutant cet \u00e9l\u00e9ment \u00e0 votre design, vous recevrez 8 bandes directionnelles (2 par [&hellip;]<\/p>\n","protected":false},"featured_media":15302,"comment_status":"open","ping_status":"closed","template":"","meta":[],"product_brand":[],"product_cat":[63],"product_tag":[],"class_list":{"0":"post-15281","1":"product","2":"type-product","3":"status-publish","4":"has-post-thumbnail","6":"product_cat-whitewalls-stripes-adds-on","8":"first","9":"instock","10":"taxable","11":"shipping-taxable","12":"purchasable","13":"product-type-variable"},"_links":{"self":[{"href":"https:\/\/unruffled-ardinghelli.108-175-3-191.plesk.page\/fr\/wp-json\/wp\/v2\/product\/15281","targetHints":{"allow":["GET"]}}],"collection":[{"href":"https:\/\/unruffled-ardinghelli.108-175-3-191.plesk.page\/fr\/wp-json\/wp\/v2\/product"}],"about":[{"href":"https:\/\/unruffled-ardinghelli.108-175-3-191.plesk.page\/fr\/wp-json\/wp\/v2\/types\/product"}],"replies":[{"embeddable":true,"href":"https:\/\/unruffled-ardinghelli.108-175-3-191.plesk.page\/fr\/wp-json\/wp\/v2\/comments?post=15281"}],"wp:featuredmedia":[{"embeddable":true,"href":"https:\/\/unruffled-ardinghelli.108-175-3-191.plesk.page\/fr\/wp-json\/wp\/v2\/media\/15302"}],"wp:attachment":[{"href":"https:\/\/unruffled-ardinghelli.108-175-3-191.plesk.page\/fr\/wp-json\/wp\/v2\/media?parent=15281"}],"wp:term":[{"taxonomy":"product_brand","embeddable":true,"href":"https:\/\/unruffled-ardinghelli.108-175-3-191.plesk.page\/fr\/wp-json\/wp\/v2\/product_brand?post=15281"},{"taxonomy":"product_cat","embeddable":true,"href":"https:\/\/unruffled-ardinghelli.108-175-3-191.plesk.page\/fr\/wp-json\/wp\/v2\/product_cat?post=15281"},{"taxonomy":"product_tag","embeddable":true,"href":"https:\/\/unruffled-ardinghelli.108-175-3-191.plesk.page\/fr\/wp-json\/wp\/v2\/product_tag?post=15281"}],"curies":[{"name":"wp","href":"https:\/\/api.w.org\/{rel}","templated":true}]}}