{"id":15189,"date":"2026-03-27T07:47:54","date_gmt":"2026-03-27T07:47:54","guid":{"rendered":"https:\/\/unruffled-ardinghelli.108-175-3-191.plesk.page\/product\/zuumy-edition-flare-kit\/"},"modified":"2026-03-27T07:54:27","modified_gmt":"2026-03-27T07:54:27","slug":"kit-elargisseurs-edition-zuumy","status":"publish","type":"product","link":"https:\/\/unruffled-ardinghelli.108-175-3-191.plesk.page\/fr\/produit\/kit-elargisseurs-edition-zuumy\/","title":{"rendered":"KIT \u00c9LARGISSEURS \u00c9DITION ZUUMY"},"content":{"rendered":"<p data-start=\"58\" data-end=\"123\"><strong data-start=\"58\" data-end=\"121\">Graphiques pour Pneus Zuumy Flare \u2013 Maintenant Disponible !<\/strong><\/p>\n<p data-start=\"125\" data-end=\"348\">Apportez un look personnalis\u00e9 \u00e0 votre v\u00e9hicule avec ces graphiques pour pneus inspir\u00e9s et con\u00e7us en collaboration avec @zuumy. Chaque kit de graphiques pour pneus comprend 5 sections de bandes couvrant l\u2019ensemble du pneu.<\/p>\n<p data-start=\"350\" data-end=\"373\"><strong data-start=\"350\" data-end=\"371\">Ce kit comprend :<\/strong><\/p>\n<ul data-start=\"374\" data-end=\"504\">\n<li data-section-id=\"k4x4gv\" data-start=\"374\" data-end=\"413\">5 bandes directionnelles pour pneus<\/li>\n<li data-section-id=\"1i8vs78\" data-start=\"414\" data-end=\"438\">Guide d\u2019instructions<\/li>\n<li data-section-id=\"1fuc568\" data-start=\"439\" data-end=\"460\">Adh\u00e9sif fleXement<\/li>\n<li data-section-id=\"j1wx1\" data-start=\"461\" data-end=\"504\">Nettoyant caoutchouc Rubber Bright 2 oz<\/li>\n<\/ul>\n<p data-start=\"506\" data-end=\"649\">Veuillez s\u00e9lectionner le type d\u2019autocollant pour pneu que vous souhaitez acheter, la taille des roues, la hauteur des lettres et la quantit\u00e9.<\/p>\n<p data-start=\"651\" data-end=\"679\"><strong data-start=\"651\" data-end=\"677\">GUIDES D\u2019APPLICATION :<\/strong><\/p>\n<p data-start=\"681\" data-end=\"711\"><em data-start=\"681\" data-end=\"709\">Temporaire (Court terme) :<\/em><\/p>\n<ul data-start=\"712\" data-end=\"805\">\n<li data-section-id=\"14rev2y\" data-start=\"712\" data-end=\"768\">Feuille d\u2019instructions pour application Peel &amp; Stick<\/li>\n<li data-section-id=\"1mgqk26\" data-start=\"769\" data-end=\"805\">Vid\u00e9o d\u2019application Peel &amp; Stick<\/li>\n<\/ul>\n<p data-start=\"807\" data-end=\"835\"><em data-start=\"807\" data-end=\"833\">Permanent (Long terme) :<\/em><\/p>\n<ul data-start=\"836\" data-end=\"925\">\n<li data-section-id=\"1pcyztl\" data-start=\"836\" data-end=\"890\">Feuille d\u2019instructions pour application permanente<\/li>\n<li data-section-id=\"51aff1\" data-start=\"891\" data-end=\"925\">Vid\u00e9o d\u2019application permanente<\/li>\n<\/ul>\n<p data-start=\"927\" data-end=\"1018\">Pour plus d\u2019informations sur ce produit, consultez le <strong data-start=\"981\" data-end=\"1015\">Guide de s\u00e9lection de produits<\/strong>.<\/p>\n","protected":false},"excerpt":{"rendered":"<p>Graphiques pour Pneus Zuumy Flare \u2013 Maintenant Disponible ! Apportez un look personnalis\u00e9 \u00e0 votre v\u00e9hicule avec ces graphiques pour pneus inspir\u00e9s et con\u00e7us en collaboration avec @zuumy. Chaque kit de graphiques pour pneus comprend 5 sections de bandes couvrant l\u2019ensemble du pneu. Ce kit comprend : 5 bandes directionnelles pour pneus Guide d\u2019instructions Adh\u00e9sif [&hellip;]<\/p>\n","protected":false},"featured_media":15190,"comment_status":"closed","ping_status":"closed","template":"","meta":[],"product_brand":[],"product_cat":[63],"product_tag":[],"class_list":{"0":"post-15189","1":"product","2":"type-product","3":"status-publish","4":"has-post-thumbnail","6":"product_cat-whitewalls-stripes-adds-on","8":"first","9":"instock","10":"taxable","11":"shipping-taxable","12":"purchasable","13":"product-type-variable"},"_links":{"self":[{"href":"https:\/\/unruffled-ardinghelli.108-175-3-191.plesk.page\/fr\/wp-json\/wp\/v2\/product\/15189","targetHints":{"allow":["GET"]}}],"collection":[{"href":"https:\/\/unruffled-ardinghelli.108-175-3-191.plesk.page\/fr\/wp-json\/wp\/v2\/product"}],"about":[{"href":"https:\/\/unruffled-ardinghelli.108-175-3-191.plesk.page\/fr\/wp-json\/wp\/v2\/types\/product"}],"replies":[{"embeddable":true,"href":"https:\/\/unruffled-ardinghelli.108-175-3-191.plesk.page\/fr\/wp-json\/wp\/v2\/comments?post=15189"}],"wp:featuredmedia":[{"embeddable":true,"href":"https:\/\/unruffled-ardinghelli.108-175-3-191.plesk.page\/fr\/wp-json\/wp\/v2\/media\/15190"}],"wp:attachment":[{"href":"https:\/\/unruffled-ardinghelli.108-175-3-191.plesk.page\/fr\/wp-json\/wp\/v2\/media?parent=15189"}],"wp:term":[{"taxonomy":"product_brand","embeddable":true,"href":"https:\/\/unruffled-ardinghelli.108-175-3-191.plesk.page\/fr\/wp-json\/wp\/v2\/product_brand?post=15189"},{"taxonomy":"product_cat","embeddable":true,"href":"https:\/\/unruffled-ardinghelli.108-175-3-191.plesk.page\/fr\/wp-json\/wp\/v2\/product_cat?post=15189"},{"taxonomy":"product_tag","embeddable":true,"href":"https:\/\/unruffled-ardinghelli.108-175-3-191.plesk.page\/fr\/wp-json\/wp\/v2\/product_tag?post=15189"}],"curies":[{"name":"wp","href":"https:\/\/api.w.org\/{rel}","templated":true}]}}