{"id":5533,"date":"2025-10-23T02:09:52","date_gmt":"2025-10-23T02:09:52","guid":{"rendered":"https:\/\/unruffled-ardinghelli.108-175-3-191.plesk.page\/privacy-policy\/"},"modified":"2026-01-17T03:40:14","modified_gmt":"2026-01-17T03:40:14","slug":"politique-de-confidentialite","status":"publish","type":"page","link":"https:\/\/unruffled-ardinghelli.108-175-3-191.plesk.page\/fr\/politique-de-confidentialite\/","title":{"rendered":"Politique de confidentialit\u00e9"},"content":{"rendered":"<div class=\"oxy-container-5533-100 oxy-container Body_container bottom_space\"><h1 class=\"bde-heading-5533-101 bde-heading Section_title\">\nPolitique de confidentialit\u00e9\n<\/h1><div class=\"oxy-rich-text-5533-103 oxy-rich-text\">\n<p>Derni\u00e8re mise \u00e0 jour : Le 13 Janvier, 2026<\/p><h3>1. Qui nous sommes<\/h3><p>Le site tirestickers.ca est exploit\u00e9 par Xtreme Vision Imports Inc., une entreprise canadienne \u00e9tablie au Qu\u00e9bec.<\/p><p>Xtreme Vision Imports Inc.<br \/>7655 boulevard Henri-Bourassa Est<br \/>Montr\u00e9al (Qu\u00e9bec) H1E 2N9<br \/>Canada<br \/>T\u00e9l\u00e9phone : 514-949-9971<br \/>Courriel : sales@xv-ms.com<\/p><p>Xtreme Vision Imports Inc. est le distributeur canadien autoris\u00e9 des produits Tire Stickers. Nous sommes une entreprise ind\u00e9pendante et ne sommes pas d\u00e9tenus par Tire Stickers LLC.<\/p><h3>2. Port\u00e9e de la politique<\/h3><p>Cette politique explique comment nous recueillons, utilisons, communiquons, conservons et prot\u00e9geons les renseignements personnels, conform\u00e9ment \u00e0 :<\/p><p>La Loi 25 du Qu\u00e9bec<\/p><p>Les lois canadiennes applicables en mati\u00e8re de protection des renseignements personnels<\/p><p>En utilisant ce site, vous consentez aux pratiques d\u00e9crites ci-dessous.<\/p><h3>3. Renseignements personnels recueillis<\/h3><p>Nous pouvons recueillir :<\/p><p>Nom et pr\u00e9nom<\/p><p>Adresse de facturation et de livraison<\/p><p>Adresse courriel<\/p><p>Num\u00e9ro de t\u00e9l\u00e9phone<\/p><p>Informations li\u00e9es aux commandes et paiements<\/p><p>Adresse IP et donn\u00e9es de navigation<\/p><p>T\u00e9moins de connexion (cookies)<\/p><p>Seuls les renseignements n\u00e9cessaires sont recueillis.<\/p><h3>4. Utilisation des renseignements<\/h3><p>Les renseignements sont utilis\u00e9s pour :<\/p><p>Traiter et livrer les commandes<\/p><p>Offrir le service \u00e0 la client\u00e8le<\/p><p>G\u00e9rer les comptes et garanties<\/p><p>Am\u00e9liorer l'exp\u00e9rience utilisateur<\/p><p>Communications marketing (d\u00e9sinscription possible)<\/p><p>Respect des obligations l\u00e9gales<\/p><h3>5. Consentement<\/h3><p>Le consentement est obtenu :<\/p><p>Lors de la cr\u00e9ation d'un compte ou d'une commande<\/p><p>Lors de l'utilisation du site, lorsque permis par la loi<\/p><p>Le consentement peut \u00eatre retir\u00e9 en tout temps, sous r\u00e9serve des obligations l\u00e9gales.<\/p><h3>6. T\u00e9moins de connexion (cookies)<\/h3><p>Nous utilisons des cookies afin de :<\/p><p>Assurer le bon fonctionnement du site<\/p><p>Analyser le trafic<\/p><p>Am\u00e9liorer l'exp\u00e9rience utilisateur<\/p><p>Vous pouvez modifier les param\u00e8tres de votre navigateur \u00e0 tout moment.<\/p><h3>7. Communication \u00e0 des tiers<\/h3><p>Nous ne vendons pas vos renseignements personnels.<\/p><p>Ils peuvent \u00eatre communiqu\u00e9s \u00e0 :<\/p><p>Processeurs de paiement<\/p><p>Fournisseurs de livraison<\/p><p>Fournisseurs technologiques<\/p><p>Fabricants (incluant Tire Stickers LLC), uniquement pour le traitement des commandes<\/p><p>Certains fournisseurs peuvent \u00eatre situ\u00e9s \u00e0 l'ext\u00e9rieur du Qu\u00e9bec ou du Canada.<\/p><h3>8. Conservation des donn\u00e9es<\/h3><p>Les renseignements sont conserv\u00e9s uniquement pour la dur\u00e9e n\u00e9cessaire aux fins pr\u00e9vues ou selon les exigences l\u00e9gales.<\/p><h3>9. Mesures de s\u00e9curit\u00e9<\/h3><p>Nous appliquons des mesures administratives, techniques et physiques raisonnables afin de prot\u00e9ger les renseignements personnels.<\/p><h3>10. Vos droits<\/h3><p>Vous avez le droit de :<\/p><p>Acc\u00e9der \u00e0 vos renseignements<\/p><p>Les faire corriger<\/p><p>Retirer votre consentement<\/p><p>Demander la suppression lorsque permis<\/p><p>D\u00e9poser une plainte<\/p><h3>11. Responsable de la protection des renseignements personnels<\/h3><p>Responsable :<br \/>Xtreme Vision Imports Inc.<br \/>Courriel : sales@xv-ms.com<\/p><p>Adresse : 7655 boulevard Henri-Bourassa Est, Montr\u00e9al (QC), H1E 2N9<\/p><h3>12. Mineurs<\/h3><p>Ce site ne s'adresse pas aux personnes de moins de 18 ans.<\/p><h3>13. Modifications<\/h3><p>Cette politique peut \u00eatre modifi\u00e9e \u00e0 tout moment. Les changements seront affich\u00e9s sur cette page.<\/p><h3>14. Droit applicable<\/h3><p>Cette politique est r\u00e9gie par les lois du Qu\u00e9bec et du Canada.<\/p>\n<\/div><\/div>","protected":false},"excerpt":{"rendered":"<p>Politique de confidentialit\u00e9 Derni\u00e8re mise \u00e0 jour : Le 13 Janvier, 20261. Qui nous sommesLe site tirestickers.ca est exploit\u00e9 par Xtreme Vision Imports Inc., une entreprise canadienne \u00e9tablie au Qu\u00e9bec.Xtreme Vision Imports Inc.7655 boulevard Henri-Bourassa EstMontr\u00e9al (Qu\u00e9bec) H1E 2N9CanadaT\u00e9l\u00e9phone : 514-949-9971Courriel : sales@xv-ms.comXtreme Vision Imports Inc. est le distributeur canadien autoris\u00e9 des produits Tire Stickers. [&hellip;]<\/p>\n","protected":false},"author":2,"featured_media":0,"parent":0,"menu_order":0,"comment_status":"closed","ping_status":"closed","template":"","meta":{"_oxygen_hide_in_design_set":false,"_oxygen_tags":"","footnotes":""},"class_list":["post-5533","page","type-page","status-publish","hentry"],"_links":{"self":[{"href":"https:\/\/unruffled-ardinghelli.108-175-3-191.plesk.page\/fr\/wp-json\/wp\/v2\/pages\/5533","targetHints":{"allow":["GET"]}}],"collection":[{"href":"https:\/\/unruffled-ardinghelli.108-175-3-191.plesk.page\/fr\/wp-json\/wp\/v2\/pages"}],"about":[{"href":"https:\/\/unruffled-ardinghelli.108-175-3-191.plesk.page\/fr\/wp-json\/wp\/v2\/types\/page"}],"author":[{"embeddable":true,"href":"https:\/\/unruffled-ardinghelli.108-175-3-191.plesk.page\/fr\/wp-json\/wp\/v2\/users\/2"}],"replies":[{"embeddable":true,"href":"https:\/\/unruffled-ardinghelli.108-175-3-191.plesk.page\/fr\/wp-json\/wp\/v2\/comments?post=5533"}],"version-history":[{"count":5,"href":"https:\/\/unruffled-ardinghelli.108-175-3-191.plesk.page\/fr\/wp-json\/wp\/v2\/pages\/5533\/revisions"}],"predecessor-version":[{"id":6301,"href":"https:\/\/unruffled-ardinghelli.108-175-3-191.plesk.page\/fr\/wp-json\/wp\/v2\/pages\/5533\/revisions\/6301"}],"wp:attachment":[{"href":"https:\/\/unruffled-ardinghelli.108-175-3-191.plesk.page\/fr\/wp-json\/wp\/v2\/media?parent=5533"}],"curies":[{"name":"wp","href":"https:\/\/api.w.org\/{rel}","templated":true}]}}