{"id":5524,"date":"2025-10-29T05:44:18","date_gmt":"2025-10-29T05:44:18","guid":{"rendered":"https:\/\/unruffled-ardinghelli.108-175-3-191.plesk.page\/refund-policy\/"},"modified":"2026-01-17T03:11:19","modified_gmt":"2026-01-17T03:11:19","slug":"politique-de-retour-de-remboursement","status":"publish","type":"page","link":"https:\/\/unruffled-ardinghelli.108-175-3-191.plesk.page\/fr\/politique-de-retour-de-remboursement\/","title":{"rendered":"Politique de retour &amp; de remboursement"},"content":{"rendered":"<div class=\"oxy-container-5524-100 oxy-container Body_container bottom_space\"><h1 class=\"bde-heading-5524-101 bde-heading Section_title\">\nPolitique de retour & de remboursement\n<\/h1><div class=\"oxy-rich-text-5524-104 oxy-rich-text\">\n<p>Derni\u00e8re mise \u00e0 jour : Le 13 Janvier, 2026<\/p><h3>Aper\u00e7u<\/h3><p>Le site tirestickers.ca est exploit\u00e9 au Canada par Xtreme Vision Imports Inc., distributeur canadien autoris\u00e9 des produits Tire Stickers\u00ae.<br \/>Les produits Tire Stickers \u00e9tant fabriqu\u00e9s sur mesure, notre politique de retour et de remboursement est sp\u00e9cifique et clairement d\u00e9finie ci-dessous, conform\u00e9ment aux lois applicables en mati\u00e8re de protection du consommateur au Qu\u00e9bec et au Canada.<br \/>________________________________<\/p><h3>Produits fabriqu\u00e9s sur mesure<\/h3><p>La majorit\u00e9 des produits Tire Stickers sont fabriqu\u00e9s selon les sp\u00e9cifications choisies par le client, incluant notamment la taille, la police, la couleur et le design.<br \/>Pour cette raison :<br \/>\u00a0 *\u00a0 \u00a0Les produits fabriqu\u00e9s sur mesure sont vente finale<br \/>\u00a0 *\u00a0 \u00a0Aucun retour ou remboursement n'est accept\u00e9 une fois la commande confirm\u00e9e et la production entam\u00e9e<\/p><p>Cela inclut, sans s'y limiter :<br \/>\u00a0 *\u00a0 \u00a0Les ensembles avec texte personnalis\u00e9<br \/>\u00a0 *\u00a0 \u00a0Les dimensions personnalis\u00e9es<br \/>\u00a0 *\u00a0 \u00a0Les couleurs ou designs personnalis\u00e9s<br \/><br \/>________________________________<\/p><h3>Produits endommag\u00e9s, d\u00e9fectueux ou incorrects<\/h3><p>Si votre commande arrive endommag\u00e9e, d\u00e9fectueuse ou incorrecte, nous nous engageons \u00e0 corriger la situation.<br \/>Vous devez nous contacter dans les 7 jours suivant la r\u00e9ception de la commande et fournir :<br \/>\u00a0 *\u00a0 \u00a0Votre num\u00e9ro de commande<br \/>\u00a0 *\u00a0 \u00a0Des photos claires du probl\u00e8me<br \/>\u00a0 *\u00a0 \u00a0Une br\u00e8ve description de la situation<\/p><p>Apr\u00e8s analyse, nous pourrons proposer :<br \/>\u00a0 *\u00a0 \u00a0Un remplacement du produit<br \/>\u00a0 *\u00a0 \u00a0Un remboursement partiel<br \/>\u00a0 *\u00a0 \u00a0Un remboursement complet, lorsque applicable<br \/>La solution retenue d\u00e9pendra de la nature du probl\u00e8me.<br \/>________________________________<\/p><h3>Installation et utilisation<\/h3><p>Aucun remboursement ni remplacement ne sera accord\u00e9 dans les cas suivants :<br \/>\u00a0 *\u00a0 \u00a0Installation incorrecte ou non conforme aux instructions<br \/>\u00a0 *\u00a0 \u00a0Usure normale<br \/>\u00a0 *\u00a0 \u00a0Dommages caus\u00e9s par des obstacles routiers, trottoirs ou impacts<br \/>\u00a0 *\u00a0 \u00a0Modification du produit apr\u00e8s r\u00e9ception<br \/>Nous recommandons fortement de suivre attentivement les instructions d'installation fournies. En cas de doute avant l'installation, veuillez nous contacter.<br \/>________________________________<\/p><h3>Erreurs de commande et annulations<\/h3><p>Une commande peut \u00eatre annul\u00e9e uniquement avant le d\u00e9but de la production.<br \/>Une fois la production commenc\u00e9e, aucune annulation ni modification n'est possible.<br \/>Si vous souhaitez annuler ou modifier une commande, veuillez nous contacter le plus rapidement possible apr\u00e8s l'achat.<br \/>________________________________<\/p><h3>Retours autoris\u00e9s<\/h3><p>Lorsqu'un retour est autoris\u00e9 :<br \/>\u00a0 *\u00a0 \u00a0Les instructions de retour seront fournies par courriel<br \/>\u00a0 *\u00a0 \u00a0Les retours non autoris\u00e9s ne seront pas accept\u00e9s<br \/>\u00a0 *\u00a0 \u00a0Les frais de livraison ne sont pas remboursables, sauf en cas d'erreur de notre part<br \/><br \/>________________________________<\/p><h3>Droits des consommateurs au Qu\u00e9bec<\/h3><p>Aucune disposition de cette politique n'a pour effet de limiter les droits conf\u00e9r\u00e9s aux consommateurs par la Loi sur la protection du consommateur du Qu\u00e9bec. En cas de conflit, la loi qu\u00e9b\u00e9coise pr\u00e9vaut.<br \/>________________________________<\/p><h3>Nous joindre<\/h3><p>Pour toute question concernant un remboursement ou un retour, veuillez communiquer avec :<br \/>Xtreme Vision Imports Inc.<br \/>Courriel :\u00a0sales@xv-ms.com<\/p>\n<\/div><div class=\"bde-button-5524-103 bde-button\">\n    \n                        \n                        \n    \n    \n    \n    \n            \n                    \n            \n            \n\n    \n    \n    \n    \n    \n    <a class=\"breakdance-link button-atom button-atom--custom bde-button__button\" href=\"\/fr\/faq\/\" target=\"_self\" data-type=\"url\"  >\n\n    \n        <span class=\"button-atom__text\">VOIR QUESTIONS FR\u00c9QUENTES<\/span>\n\n        \n        \n                <\/a>\n\n    \n\n\n<\/div><\/div>","protected":false},"excerpt":{"rendered":"<p>Politique de retour &#038; de remboursement Derni\u00e8re mise \u00e0 jour : Le 13 Janvier, 2026Aper\u00e7uLe site tirestickers.ca est exploit\u00e9 au Canada par Xtreme Vision Imports Inc., distributeur canadien autoris\u00e9 des produits Tire Stickers\u00ae.Les produits Tire Stickers \u00e9tant fabriqu\u00e9s sur mesure, notre politique de retour et de remboursement est sp\u00e9cifique et clairement d\u00e9finie ci-dessous, conform\u00e9ment aux [&hellip;]<\/p>\n","protected":false},"author":2,"featured_media":0,"parent":0,"menu_order":0,"comment_status":"closed","ping_status":"closed","template":"","meta":{"_oxygen_hide_in_design_set":false,"_oxygen_tags":"","footnotes":""},"class_list":["post-5524","page","type-page","status-publish","hentry"],"_links":{"self":[{"href":"https:\/\/unruffled-ardinghelli.108-175-3-191.plesk.page\/fr\/wp-json\/wp\/v2\/pages\/5524","targetHints":{"allow":["GET"]}}],"collection":[{"href":"https:\/\/unruffled-ardinghelli.108-175-3-191.plesk.page\/fr\/wp-json\/wp\/v2\/pages"}],"about":[{"href":"https:\/\/unruffled-ardinghelli.108-175-3-191.plesk.page\/fr\/wp-json\/wp\/v2\/types\/page"}],"author":[{"embeddable":true,"href":"https:\/\/unruffled-ardinghelli.108-175-3-191.plesk.page\/fr\/wp-json\/wp\/v2\/users\/2"}],"replies":[{"embeddable":true,"href":"https:\/\/unruffled-ardinghelli.108-175-3-191.plesk.page\/fr\/wp-json\/wp\/v2\/comments?post=5524"}],"version-history":[{"count":7,"href":"https:\/\/unruffled-ardinghelli.108-175-3-191.plesk.page\/fr\/wp-json\/wp\/v2\/pages\/5524\/revisions"}],"predecessor-version":[{"id":6295,"href":"https:\/\/unruffled-ardinghelli.108-175-3-191.plesk.page\/fr\/wp-json\/wp\/v2\/pages\/5524\/revisions\/6295"}],"wp:attachment":[{"href":"https:\/\/unruffled-ardinghelli.108-175-3-191.plesk.page\/fr\/wp-json\/wp\/v2\/media?parent=5524"}],"curies":[{"name":"wp","href":"https:\/\/api.w.org\/{rel}","templated":true}]}}