{"id":5518,"date":"2025-10-29T05:44:29","date_gmt":"2025-10-29T05:44:29","guid":{"rendered":"https:\/\/unruffled-ardinghelli.108-175-3-191.plesk.page\/shipping-information\/"},"modified":"2026-01-17T02:58:36","modified_gmt":"2026-01-17T02:58:36","slug":"politique-de-livraison-et-dexpedition","status":"publish","type":"page","link":"https:\/\/unruffled-ardinghelli.108-175-3-191.plesk.page\/fr\/politique-de-livraison-et-dexpedition\/","title":{"rendered":"POLITIQUE DE LIVRAISON ET D\u2019EXP\u00c9DITION"},"content":{"rendered":"<div class=\"oxy-container-5518-100 oxy-container Body_container bottom_space\"><h1 class=\"bde-heading-5518-101 bde-heading Section_title\">\nPolitique de livraison & d'exp\u00e9dition\n<\/h1><div class=\"oxy-rich-text-5518-104 oxy-rich-text\">\n<p>Derni\u00e8re mise \u00e0 jour : Le 13 Janvier, 2026<\/p><h3>Aper\u00e7u de la livraison<\/h3><p>Toutes les commandes effectu\u00e9es sur tirestickers.ca sont trait\u00e9es et exp\u00e9di\u00e9es au Canada par Xtreme Vision Imports Inc., distributeur canadien autoris\u00e9 des produits Tire Stickers\u00ae.<br \/>Les produits Tire Stickers\u00ae sont fabriqu\u00e9s sur mesure. Ils sont d\u2019abord produits aux \u00c9tats-Unis, puis exp\u00e9di\u00e9s \u00e0 notre centre au Canada avant d\u2019\u00eatre livr\u00e9s aux clients partout au pays. Cette m\u00e9thode permet g\u00e9n\u00e9ralement d\u2019\u00e9viter aux clients canadiens des frais \u00e9lev\u00e9s de douane, de courtage et d\u2019importation associ\u00e9s aux envois transfrontaliers directs.<br \/>________________________________<\/p><h3>D\u00e9lais de traitement et de production<\/h3><p>\u00c9tant donn\u00e9 que les produits sont fabriqu\u00e9s sur commande, il faut pr\u00e9voir :<br \/>\u00a0 *\u00a0 \u00a0Environ 2 semaines pour que votre commande soit produite et achemin\u00e9e jusqu\u2019\u00e0 notre centre \u00e0 Montr\u00e9al (le d\u00e9lai peut varier selon la personnalisation, le volume de commandes et la destination).<br \/>\u00a0 *\u00a0 \u00a0Une fois re\u00e7ue \u00e0 Montr\u00e9al, la commande est pr\u00e9par\u00e9e et exp\u00e9di\u00e9e au client.<br \/><br \/>________________________________<\/p><h3>D\u00e9lais de livraison au Canada<\/h3><p>Apr\u00e8s r\u00e9ception et pr\u00e9paration \u00e0 Montr\u00e9al :<br \/>\u00a0 *\u00a0 \u00a0La livraison prend g\u00e9n\u00e9ralement 1 \u00e0 2 jours ouvrables dans la plupart des cas.<br \/>\u00a0 *\u00a0 \u00a0Certaines r\u00e9gions \u00e9loign\u00e9es peuvent n\u00e9cessiter un d\u00e9lai additionnel selon le transporteur.<br \/>Les d\u00e9lais sont fournis \u00e0 titre indicatif et peuvent varier en raison de facteurs hors de notre contr\u00f4le (m\u00e9t\u00e9o, p\u00e9riodes de pointe, retards des transporteurs).<br \/>________________________________<\/p><h3>Transporteurs utilis\u00e9s<\/h3><p>Nous exp\u00e9dions avec des transporteurs reconnus, notamment :<br \/>\u00a0 *\u00a0 \u00a0Purolator<br \/>\u00a0 *\u00a0 \u00a0Canpar<br \/>\u00a0 *\u00a0 \u00a0UPS<br \/>Le transporteur est s\u00e9lectionn\u00e9 en fonction de la rapidit\u00e9 et de la fiabilit\u00e9 pour l\u2019adresse fournie.<br \/>________________________________<\/p><h3>Frais de livraison<\/h3><p>Les frais de livraison sont calcul\u00e9s au moment du paiement selon :<br \/>\u00a0 *\u00a0 \u00a0L\u2019adresse de livraison<br \/>\u00a0 *\u00a0 \u00a0Le poids et le volume du colis<br \/>Tous les frais applicables sont affich\u00e9s avant la confirmation de la commande.<br \/>________________________________<\/p><h3>Suivi de commande<\/h3><p>Lorsqu\u2019un num\u00e9ro de suivi est disponible, il est transmis par courriel une fois la commande exp\u00e9di\u00e9e.<br \/>________________________________<\/p><h3>Adresse incorrecte ou livraison \u00e9chou\u00e9e<\/h3><p>Il est de la responsabilit\u00e9 du client de fournir une adresse compl\u00e8te et exacte.<br \/>Nous ne sommes pas responsables :<br \/>\u00a0 *\u00a0 \u00a0Des retards caus\u00e9s par une adresse incorrecte ou incompl\u00e8te<br \/>\u00a0 *\u00a0 \u00a0Des colis retourn\u00e9s \u00e0 l\u2019exp\u00e9diteur \u00e0 la suite d\u2019une tentative de livraison \u00e9chou\u00e9e<br \/>Des frais suppl\u00e9mentaires peuvent s\u2019appliquer pour toute r\u00e9exp\u00e9dition.<br \/>________________________________<\/p><h3>Colis perdus ou retard\u00e9s<\/h3><p>Si un colis semble retard\u00e9 ou perdu en transit, veuillez nous contacter. Nous collaborerons avec le transporteur afin d\u2019enqu\u00eater et d\u2019assister, dans la mesure du possible.<br \/>________________________________<\/p><h3>Livraison internationale<\/h3><p>\u00c0 l\u2019heure actuelle, tirestickers.ca s\u2019adresse principalement aux clients situ\u00e9s au Canada.<br \/>Pour toute demande de livraison internationale, veuillez nous contacter avant de passer commande afin de valider les options et les co\u00fbts.<br \/>________________________________<\/p><h3>Nous joindre<\/h3><p>Pour toute question li\u00e9e \u00e0 la livraison ou \u00e0 l\u2019exp\u00e9dition :<br \/>Xtreme Vision Imports Inc.<br \/>Courriel : sales@xv-ms.com<\/p>\n<\/div><div class=\"bde-button-5518-103 bde-button\">\n    \n                        \n                        \n    \n    \n    \n    \n            \n                    \n            \n            \n\n    \n    \n    \n    \n    \n    <a class=\"breakdance-link button-atom button-atom--custom bde-button__button\" href=\"\/fr\/faq\/\" target=\"_self\" data-type=\"url\"  >\n\n    \n        <span class=\"button-atom__text\">VOIR QUESTIONS FR\u00c9QUENTES<\/span>\n\n        \n        \n                <\/a>\n\n    \n\n\n<\/div><\/div>","protected":false},"excerpt":{"rendered":"<p>Politique de livraison &#038; d&rsquo;exp\u00e9dition Derni\u00e8re mise \u00e0 jour : Le 13 Janvier, 2026Aper\u00e7u de la livraisonToutes les commandes effectu\u00e9es sur tirestickers.ca sont trait\u00e9es et exp\u00e9di\u00e9es au Canada par Xtreme Vision Imports Inc., distributeur canadien autoris\u00e9 des produits Tire Stickers\u00ae.Les produits Tire Stickers\u00ae sont fabriqu\u00e9s sur mesure. Ils sont d\u2019abord produits aux \u00c9tats-Unis, puis exp\u00e9di\u00e9s [&hellip;]<\/p>\n","protected":false},"author":2,"featured_media":0,"parent":0,"menu_order":0,"comment_status":"closed","ping_status":"closed","template":"","meta":{"_oxygen_hide_in_design_set":false,"_oxygen_tags":"","footnotes":""},"class_list":["post-5518","page","type-page","status-publish","hentry"],"_links":{"self":[{"href":"https:\/\/unruffled-ardinghelli.108-175-3-191.plesk.page\/fr\/wp-json\/wp\/v2\/pages\/5518","targetHints":{"allow":["GET"]}}],"collection":[{"href":"https:\/\/unruffled-ardinghelli.108-175-3-191.plesk.page\/fr\/wp-json\/wp\/v2\/pages"}],"about":[{"href":"https:\/\/unruffled-ardinghelli.108-175-3-191.plesk.page\/fr\/wp-json\/wp\/v2\/types\/page"}],"author":[{"embeddable":true,"href":"https:\/\/unruffled-ardinghelli.108-175-3-191.plesk.page\/fr\/wp-json\/wp\/v2\/users\/2"}],"replies":[{"embeddable":true,"href":"https:\/\/unruffled-ardinghelli.108-175-3-191.plesk.page\/fr\/wp-json\/wp\/v2\/comments?post=5518"}],"version-history":[{"count":7,"href":"https:\/\/unruffled-ardinghelli.108-175-3-191.plesk.page\/fr\/wp-json\/wp\/v2\/pages\/5518\/revisions"}],"predecessor-version":[{"id":6288,"href":"https:\/\/unruffled-ardinghelli.108-175-3-191.plesk.page\/fr\/wp-json\/wp\/v2\/pages\/5518\/revisions\/6288"}],"wp:attachment":[{"href":"https:\/\/unruffled-ardinghelli.108-175-3-191.plesk.page\/fr\/wp-json\/wp\/v2\/media?parent=5518"}],"curies":[{"name":"wp","href":"https:\/\/api.w.org\/{rel}","templated":true}]}}