{"id":5510,"date":"2025-10-29T05:44:46","date_gmt":"2025-10-29T05:44:46","guid":{"rendered":"https:\/\/unruffled-ardinghelli.108-175-3-191.plesk.page\/about-tire-stickers-canada\/"},"modified":"2026-01-17T03:55:09","modified_gmt":"2026-01-17T03:55:09","slug":"a-propos-de-tire-stickers-canada","status":"publish","type":"page","link":"https:\/\/unruffled-ardinghelli.108-175-3-191.plesk.page\/fr\/a-propos-de-tire-stickers-canada\/","title":{"rendered":"\u00c0 propos de Tire Stickers Canada"},"content":{"rendered":"<div class=\"bde-fancy-container-5510-100 bde-fancy-container\">\n  \n  \n\t\n\n\n\n<h1 class=\"bde-heading-5510-103 bde-heading white_subheader\">\n\u00c0 propos de Nous\n<\/h1>\n<\/div><div class=\"oxy-container-5510-102 oxy-container Body_container bottom_space\"><div class=\"oxy-rich-text-5510-104 oxy-rich-text\">\n<h3 data-start=\"2865\" data-end=\"2879\">Qui nous sommes<\/h3><p data-start=\"2881\" data-end=\"3113\"><strong>Xtreme Vision Imports Inc.<\/strong> est une entreprise fi\u00e8rement canadienne, d\u00e9tenue et exploit\u00e9e par une famille, fond\u00e9e en 2000 avec un objectif clair :<br \/>rendre accessibles aux clients canadiens des marques automobiles am\u00e9ricaines reconnues pour leur qualit\u00e9 et leur performance.<br \/>Nous sommes sp\u00e9cialis\u00e9s en distribution de gros et de d\u00e9tail, et nous approvisionnons un vaste r\u00e9seau de concessionnaires et de clients \u00e0 travers le Canada, d\u2019un oc\u00e9an \u00e0 l\u2019autre.<br \/>Nous ne sommes pas Tire Stickers, et nous ne fabriquons pas les produits Tire Stickers.<br \/>Nous sommes le distributeur canadien autoris\u00e9 et exploitons le site tirestickers.ca exclusivement pour la distribution des produits Tire Stickers au Canada.<\/p><p data-start=\"2881\" data-end=\"3113\">Notre r\u00f4le est d\u2019offrir une solution simple et avantageuse aux clients canadiens :<br \/>\u00a0 *\u00a0 \u00a0R\u00e9ception des produits au Canada<br \/>\u00a0 *\u00a0 \u00a0Distribution locale via notre r\u00e9seau de d\u00e9taillants et de vente directe<br \/>\u00a0 *\u00a0 \u00a0R\u00e9duction des frais \u00e9lev\u00e9s de douanes, de droits et de courtage<br \/>\u00a0 *\u00a0 \u00a0Service et soutien offerts au Canada<\/p><p data-start=\"2881\" data-end=\"3113\">Commander sur <a href=\"https:\/\/tirestickers.ca\">tirestickers.ca<\/a>, c\u2019est obtenir des produits Tire Stickers authentiques, tout en \u00e9vitant les co\u00fbts et les d\u00e9lais li\u00e9s aux exp\u00e9ditions transfrontali\u00e8res.<\/p>\n<\/div><div class=\"bde-columns-5510-109 bde-columns\"><div class=\"bde-column-5510-110 bde-column\">\n  \n  \n\t\n\n\n\n<div class=\"oxy-rich-text-5510-112 oxy-rich-text\">\n<h3 data-start=\"4077\" data-end=\"4116\">Notre relation avec Tire Stickers<\/h3><p data-start=\"4118\" data-end=\"4311\">Tire Stickers est un fabricant am\u00e9ricain bas\u00e9 aux \u00c9tats-Unis.<br \/>Xtreme Vision Imports Inc. est une entreprise distincte et ind\u00e9pendante, agissant \u00e0 titre de distributeur autoris\u00e9 pour le march\u00e9 canadien.<\/p><p data-start=\"4118\" data-end=\"4311\">Nous ne d\u00e9tenons pas Tire Stickers, et Tire Stickers ne nous appartient pas.<br \/>Notre relation est strictement ax\u00e9e sur la distribution.<\/p><p data-start=\"4118\" data-end=\"4311\">Cela garantit :<br \/>\u00a0 *\u00a0 \u00a0Des produits authentiques<br \/>\u00a0 *\u00a0 \u00a0Une repr\u00e9sentation officielle de la marque<br \/>\u00a0 *\u00a0 \u00a0Une distribution canadienne efficace<br \/>\u00a0 *\u00a0 \u00a0Aucune surprise li\u00e9e aux droits de douane ou aux frais d\u2019importation<\/p><p data-start=\"4118\" data-end=\"4311\">Une approche transparente, professionnelle et fiable.<\/p>\n<\/div>\n<\/div><div class=\"bde-column-5510-111 bde-column\">\n  \n  \n\t\n\n\n\n<img decoding=\"async\" class=\"oxy-image-5510-127 oxy-image\" src=\"https:\/\/unruffled-ardinghelli.108-175-3-191.plesk.page\/wp-content\/uploads\/2025\/10\/stickers_for_tires_1-tirestickerscanada.jpg\" loading=\"lazy\" srcset=\"https:\/\/unruffled-ardinghelli.108-175-3-191.plesk.page\/wp-content\/uploads\/2025\/10\/stickers_for_tires_1-tirestickerscanada.jpg 811w, https:\/\/unruffled-ardinghelli.108-175-3-191.plesk.page\/wp-content\/uploads\/2025\/10\/stickers_for_tires_1-tirestickerscanada-300x300.jpg 300w, https:\/\/unruffled-ardinghelli.108-175-3-191.plesk.page\/wp-content\/uploads\/2025\/10\/stickers_for_tires_1-tirestickerscanada-100x100.jpg 100w, https:\/\/unruffled-ardinghelli.108-175-3-191.plesk.page\/wp-content\/uploads\/2025\/10\/stickers_for_tires_1-tirestickerscanada-600x600.jpg 600w, https:\/\/unruffled-ardinghelli.108-175-3-191.plesk.page\/wp-content\/uploads\/2025\/10\/stickers_for_tires_1-tirestickerscanada-150x150.jpg 150w, https:\/\/unruffled-ardinghelli.108-175-3-191.plesk.page\/wp-content\/uploads\/2025\/10\/stickers_for_tires_1-tirestickerscanada-768x768.jpg 768w\" sizes=\"(max-width: 811px) 100vw, 811px\">\n<\/div><\/div><div class=\"oxy-rich-text-5510-120 oxy-rich-text\">\n<h3 data-start=\"4593\" data-end=\"4638\">Notre expertise dans l\u2019industrie automobile<\/h3><p data-start=\"4640\" data-end=\"4858\">Depuis plus de 20 ans, Xtreme Vision Imports Inc. \u00e9volue au c\u0153ur du march\u00e9 canadien de l\u2019apr\u00e8s-march\u00e9 automobile. D\u00e8s le d\u00e9part, notre mission a \u00e9t\u00e9 d\u2019identifier des marques am\u00e9ricaines de confiance et de les repr\u00e9senter ad\u00e9quatement au Canada.<br \/>Aujourd\u2019hui, nous travaillons avec un r\u00e9seau de d\u00e9taillants \u00e0 l\u2019\u00e9chelle nationale, tout en servant directement les clients de d\u00e9tail.<\/p><p data-start=\"4640\" data-end=\"4858\">Parmi les marques que nous distribuons fi\u00e8rement :<br \/>\u00a0 *\u00a0 \u00a0Prosport Gauges<br \/>\u00a0 *\u00a0 \u00a0G2 Caliper Paint<br \/>\u00a0 *\u00a0 \u00a0NRG Innovations<br \/>\u00a0 *\u00a0 \u00a0Yellow Speed Racing (ensembles de freins haute performance et coilovers)<br \/>\u00a0 *\u00a0 \u00a0BC Racing<br \/>\u00a0 *\u00a0 \u00a0Fortune Auto<br \/>\u00a0 *\u00a0 \u00a0Turbosmart<br \/>\u00a0 *\u00a0 \u00a0Spec-D Tuning<br \/>\u00a0 *\u00a0 \u00a0Spyder Auto<br \/>\u00a0 *\u00a0 \u00a0Seibon Carbon<br \/>\u00a0 *\u00a0 \u00a0Auto Addict Carbon Fibre<br \/>\u00a0 *\u00a0 \u00a0Et plusieurs autres<\/p><p data-start=\"4640\" data-end=\"4858\">Nos relations durables avec les fabricants nous permettent d\u2019offrir une disponibilit\u00e9 constante, un soutien technique fiable et une tarification adapt\u00e9e au march\u00e9 canadien.<\/p>\n<\/div><div class=\"bde-columns-5510-122 bde-columns\"><div class=\"bde-column-5510-123 bde-column\">\n  \n  \n\t\n\n\n\n<img decoding=\"async\" class=\"oxy-image-5510-126 oxy-image\" src=\"https:\/\/unruffled-ardinghelli.108-175-3-191.plesk.page\/wp-content\/uploads\/2025\/10\/Yellow-Falken-Tire-Car-Show-600x600-1.jpg\" loading=\"lazy\" srcset=\"https:\/\/unruffled-ardinghelli.108-175-3-191.plesk.page\/wp-content\/uploads\/2025\/10\/Yellow-Falken-Tire-Car-Show-600x600-1.jpg 600w, https:\/\/unruffled-ardinghelli.108-175-3-191.plesk.page\/wp-content\/uploads\/2025\/10\/Yellow-Falken-Tire-Car-Show-600x600-1-300x300.jpg 300w, https:\/\/unruffled-ardinghelli.108-175-3-191.plesk.page\/wp-content\/uploads\/2025\/10\/Yellow-Falken-Tire-Car-Show-600x600-1-100x100.jpg 100w, https:\/\/unruffled-ardinghelli.108-175-3-191.plesk.page\/wp-content\/uploads\/2025\/10\/Yellow-Falken-Tire-Car-Show-600x600-1-150x150.jpg 150w\" sizes=\"(max-width: 600px) 100vw, 600px\">\n<\/div><div class=\"bde-column-5510-124 bde-column\">\n  \n  \n\t\n\n\n\n<div class=\"oxy-rich-text-5510-121 oxy-rich-text\">\n<h3 data-start=\"5460\" data-end=\"5475\">Notre mission<\/h3><div id=\"horde-contentwrapper\"><div id=\"horde-content\"><div id=\"horde-page\"><div id=\"dimpmain\"><div id=\"dimpmain_folder\"><div id=\"msgSplitPane\"><div id=\"previewPane\"><div id=\"previewMsg\"><div id=\"messageBody\" class=\"messageBody allowTextSelection\"><div class=\"mimePartBase\"><div class=\"mimePartData\"><div class=\"fixed leftAlign\">Notre mission est simple :<br \/>offrir aux passionn\u00e9s et aux professionnels de l\u2019automobile au Canada un acc\u00e8s facilit\u00e9 \u00e0 des produits automobiles haut de gamme, \u00e0 prix juste et avec un soutien local.<\/div><div>\u00a0<\/div><div class=\"fixed leftAlign\">Nous y parvenons en :<br \/>\u00a0 *\u00a0 \u00a0Desservant les clients de d\u00e9tail et les partenaires grossistes<br \/>\u00a0 *\u00a0 \u00a0R\u00e9duisant les co\u00fbts li\u00e9s \u00e0 l\u2019importation<br \/>\u00a0 *\u00a0 \u00a0Simplifiant la logistique<br \/>\u00a0 *\u00a0 \u00a0Offrant un service local fiable et comp\u00e9tent<\/div><div>\u00a0<\/div><div class=\"fixed leftAlign\">Chez Xtreme Vision Imports Inc., nous sommes avant tout des passionn\u00e9s d\u2019automobile au service d\u2019autres passionn\u00e9s \u2014 et nous sommes fiers de faire les choses correctement.<\/div><\/div><\/div><\/div><\/div><\/div><\/div><\/div><\/div><\/div><\/div><\/div>\n<\/div>\n<\/div><\/div><\/div>","protected":false},"excerpt":{"rendered":"<p>\u00c0 propos de Nous Qui nous sommesXtreme Vision Imports Inc. est une entreprise fi\u00e8rement canadienne, d\u00e9tenue et exploit\u00e9e par une famille, fond\u00e9e en 2000 avec un objectif clair :rendre accessibles aux clients canadiens des marques automobiles am\u00e9ricaines reconnues pour leur qualit\u00e9 et leur performance.Nous sommes sp\u00e9cialis\u00e9s en distribution de gros et de d\u00e9tail, et nous [&hellip;]<\/p>\n","protected":false},"author":2,"featured_media":0,"parent":0,"menu_order":0,"comment_status":"closed","ping_status":"closed","template":"","meta":{"_oxygen_hide_in_design_set":false,"_oxygen_tags":"","footnotes":""},"class_list":["post-5510","page","type-page","status-publish","hentry"],"_links":{"self":[{"href":"https:\/\/unruffled-ardinghelli.108-175-3-191.plesk.page\/fr\/wp-json\/wp\/v2\/pages\/5510","targetHints":{"allow":["GET"]}}],"collection":[{"href":"https:\/\/unruffled-ardinghelli.108-175-3-191.plesk.page\/fr\/wp-json\/wp\/v2\/pages"}],"about":[{"href":"https:\/\/unruffled-ardinghelli.108-175-3-191.plesk.page\/fr\/wp-json\/wp\/v2\/types\/page"}],"author":[{"embeddable":true,"href":"https:\/\/unruffled-ardinghelli.108-175-3-191.plesk.page\/fr\/wp-json\/wp\/v2\/users\/2"}],"replies":[{"embeddable":true,"href":"https:\/\/unruffled-ardinghelli.108-175-3-191.plesk.page\/fr\/wp-json\/wp\/v2\/comments?post=5510"}],"version-history":[{"count":7,"href":"https:\/\/unruffled-ardinghelli.108-175-3-191.plesk.page\/fr\/wp-json\/wp\/v2\/pages\/5510\/revisions"}],"predecessor-version":[{"id":6306,"href":"https:\/\/unruffled-ardinghelli.108-175-3-191.plesk.page\/fr\/wp-json\/wp\/v2\/pages\/5510\/revisions\/6306"}],"wp:attachment":[{"href":"https:\/\/unruffled-ardinghelli.108-175-3-191.plesk.page\/fr\/wp-json\/wp\/v2\/media?parent=5510"}],"curies":[{"name":"wp","href":"https:\/\/api.w.org\/{rel}","templated":true}]}}