{"id":15026,"date":"2026-03-20T10:33:48","date_gmt":"2026-03-20T10:33:48","guid":{"rendered":"https:\/\/unruffled-ardinghelli.108-175-3-191.plesk.page\/installation-videos\/"},"modified":"2026-04-05T11:23:37","modified_gmt":"2026-04-05T11:23:37","slug":"videos-dinstallation","status":"publish","type":"page","link":"https:\/\/unruffled-ardinghelli.108-175-3-191.plesk.page\/fr\/videos-dinstallation\/","title":{"rendered":"Vid\u00e9os d&rsquo;installation"},"content":{"rendered":"<section class=\"bde-section-15026-101 bde-section\">\n  \n  \n\t\n\n\n\n        <div class=\"section-shape-divider-wrapper section-shape-divider-wrapper--1\">\n          <span class=\"section-shape-divider\">\n                      <svg\n                xmlns=\"http:\/\/www.w3.org\/2000\/svg\"\n                viewBox=\"0 0 1440 320\"\n                preserveAspectRatio=\"none\"\n            >\n              <path fill=\"currentColor\" fill-opacity=\"1\" d=\"M0,288L1440,0L1440,320L0,320Z\"><\/path>\n            <\/svg>\n                    <\/span>\n      <\/div>\n  <div class=\"section-container\"><h1 class=\"bde-heading-15026-104 bde-heading Section_title\">\nVid\u00e9os d'installation\n<\/h1><\/div>\n<\/section><div class=\"oxy-container-15026-105 oxy-container Body_container container-4\"><div class=\"bde-columns-15026-116 bde-columns\"><div class=\"bde-column-15026-117 bde-column\">\n  \n  \n\t\n\n\n\n<div class=\"bde-video-15026-108 bde-video\">\n<div class=\"ee-video-container\">\n                                                                        \n                <lite-youtube\n                        videoid=\"2jQeBbEbztc\"\n                                                style=\"background-image: url(https:\/\/i.ytimg.com\/vi\/2jQeBbEbztc\/maxresdefault.jpg); \"\n                        class=\"ee-video\"\n                        title=\"\"\n                        params=\"&playsinline=0&rel=0&enablejsapi=1\"\n                >\n                <\/lite-youtube>\n                    \n        \n            \n    <\/div>\n\n<\/div><h4 class=\"bde-heading-15026-121 bde-heading\">\nVid\u00e9o d'installation du kit temporaire (pellicule autocollante)\n<\/h4>\n<\/div><div class=\"bde-column-15026-118 bde-column\">\n  \n  \n\t\n\n\n\n<div class=\"bde-video-15026-113 bde-video\">\n<div class=\"ee-video-container\">\n                                                                        \n                <lite-youtube\n                        videoid=\"J3zairQusxI\"\n                                                style=\"background-image: url(https:\/\/i.ytimg.com\/vi\/J3zairQusxI\/maxresdefault.jpg); \"\n                        class=\"ee-video\"\n                        title=\"\"\n                        params=\"&playsinline=0&rel=0&enablejsapi=1\"\n                >\n                <\/lite-youtube>\n                    \n        \n            \n    <\/div>\n\n<\/div><h4 class=\"bde-heading-15026-123 bde-heading\">\nVid\u00e9o d'installation du kit permanent 1\n<\/h4>\n<\/div><div class=\"bde-column-15026-119 bde-column\">\n  \n  \n\t\n\n\n\n<div class=\"bde-video-15026-114 bde-video\">\n<div class=\"ee-video-container\">\n                                                                        \n                <lite-youtube\n                        videoid=\"wnXOVS5Ycow\"\n                                                style=\"background-image: url(https:\/\/i.ytimg.com\/vi\/wnXOVS5Ycow\/maxresdefault.jpg); \"\n                        class=\"ee-video\"\n                        title=\"\"\n                        params=\"&playsinline=0&rel=0&enablejsapi=1\"\n                >\n                <\/lite-youtube>\n                    \n        \n            \n    <\/div>\n\n<\/div><h4 class=\"bde-heading-15026-122 bde-heading\">\nVid\u00e9o d'installation du kit permanent 2\n<\/h4>\n<\/div><div class=\"bde-column-15026-120 bde-column\">\n  \n  \n\t\n\n\n\n<div class=\"bde-video-15026-115 bde-video\">\n<div class=\"ee-video-container\">\n                                                                        \n                <lite-youtube\n                        videoid=\"KKw8JsctsXs\"\n                                                style=\"background-image: url(https:\/\/i.ytimg.com\/vi\/KKw8JsctsXs\/maxresdefault.jpg); \"\n                        class=\"ee-video\"\n                        title=\"\"\n                        params=\"&playsinline=0&rel=0&enablejsapi=1\"\n                >\n                <\/lite-youtube>\n                    \n        \n            \n    <\/div>\n\n<\/div><h4 class=\"bde-heading-15026-124 bde-heading\">\nVid\u00e9o Tire Stickers - prises de vue en mouvement\n<\/h4>\n<\/div><\/div><\/div>","protected":false},"excerpt":{"rendered":"<p>Vid\u00e9os d&rsquo;installation Vid\u00e9o d&rsquo;installation du kit temporaire (pellicule autocollante) Vid\u00e9o d&rsquo;installation du kit permanent 1 Vid\u00e9o d&rsquo;installation du kit permanent 2 Vid\u00e9o Tire Stickers &#8211; prises de vue en mouvement<\/p>\n","protected":false},"author":2,"featured_media":0,"parent":0,"menu_order":0,"comment_status":"closed","ping_status":"closed","template":"","meta":{"_oxygen_hide_in_design_set":false,"_oxygen_tags":"","footnotes":""},"class_list":["post-15026","page","type-page","status-publish","hentry"],"_links":{"self":[{"href":"https:\/\/unruffled-ardinghelli.108-175-3-191.plesk.page\/fr\/wp-json\/wp\/v2\/pages\/15026","targetHints":{"allow":["GET"]}}],"collection":[{"href":"https:\/\/unruffled-ardinghelli.108-175-3-191.plesk.page\/fr\/wp-json\/wp\/v2\/pages"}],"about":[{"href":"https:\/\/unruffled-ardinghelli.108-175-3-191.plesk.page\/fr\/wp-json\/wp\/v2\/types\/page"}],"author":[{"embeddable":true,"href":"https:\/\/unruffled-ardinghelli.108-175-3-191.plesk.page\/fr\/wp-json\/wp\/v2\/users\/2"}],"replies":[{"embeddable":true,"href":"https:\/\/unruffled-ardinghelli.108-175-3-191.plesk.page\/fr\/wp-json\/wp\/v2\/comments?post=15026"}],"version-history":[{"count":5,"href":"https:\/\/unruffled-ardinghelli.108-175-3-191.plesk.page\/fr\/wp-json\/wp\/v2\/pages\/15026\/revisions"}],"predecessor-version":[{"id":15494,"href":"https:\/\/unruffled-ardinghelli.108-175-3-191.plesk.page\/fr\/wp-json\/wp\/v2\/pages\/15026\/revisions\/15494"}],"wp:attachment":[{"href":"https:\/\/unruffled-ardinghelli.108-175-3-191.plesk.page\/fr\/wp-json\/wp\/v2\/media?parent=15026"}],"curies":[{"name":"wp","href":"https:\/\/api.w.org\/{rel}","templated":true}]}}